
{"id":27,"date":"2025-12-30T21:47:56","date_gmt":"2025-12-30T21:47:56","guid":{"rendered":"https:\/\/lisbonproperty.com\/fr\/a-propos-de-nous\/"},"modified":"2026-04-12T16:55:49","modified_gmt":"2026-04-12T16:55:49","slug":"a-propos-de-nous","status":"publish","type":"page","link":"https:\/\/lisbonproperty.com\/fr\/a-propos-de-nous\/","title":{"rendered":"\u00c0 propos de nous"},"content":{"rendered":"<h2>ARE &#8211; Real Estate, lda<\/h2>\n<p>Nous sommes <a href=\"https:\/\/are.pt\" title=\"ARE, immobilier au Portugal\" target=\"_blank\">ARE<\/a>, LDA, <strong>une agence immobili\u00e8re au Portugal avec une \u00e9quipe d&#8217;agents de nord en sud du pays<\/strong>, avec des milliers de logements dans les <a title=\"r\u00e9sidences priv\u00e9es au Portugal\" href=\"https:\/\/lisbonproperty.com\/developments\/\">meilleures r\u00e9sidences priv\u00e9es<\/a> et des dizaines d&#8217;agents dot\u00e9s d&#8217;une connaissance locale approfondie, <strong>sp\u00e9cialis\u00e9s dans l&#8217;accompagnement des nouveaux arrivants au Portugal<\/strong> pour trouver les meilleures zones r\u00e9sidentielles. Laissez-nous vous aider \u00e0 trouver l&#8217;endroit id\u00e9al \u00e0 appeler chez vous au Portugal.<\/p>\n<h2>Lisbon Property \u2022 par ARE Real Estate, une soci\u00e9t\u00e9 \u00e9tablie sur le march\u00e9 immobilier portugais<\/h2>\n<p>Fond\u00e9e en 2012 dans le sud du Portugal par Jos\u00e9 Mora F\u00e9ria et Rute Mascarenhas, ARE Real Estate s&#8217;est rapidement positionn\u00e9e comme une entit\u00e9 de r\u00e9f\u00e9rence sur le march\u00e9 immobilier portugais. Apr\u00e8s avoir \u00e9tabli une solide pr\u00e9sence en Algarve, la soci\u00e9t\u00e9 s&#8217;est d\u00e9velopp\u00e9e sur le march\u00e9 de Lisbonne en 2015 gr\u00e2ce \u00e0 un partenariat strat\u00e9gique avec le site <a title=\"Lisbon Property\" href=\"https:\/\/lisbonproperty.com\/\">LisbonProperty.com<\/a>. Cette expansion a tir\u00e9 parti de l&#8217;expertise approfondie d&#8217;ARE en d\u00e9veloppement web et marketing, en int\u00e9grant ces atouts \u00e0 la connaissance locale de l&#8217;<a title=\"Aire m\u00e9tropolitaine de Lisbonne\" href=\"https:\/\/lisbonproperty.com\/lisbon-metropolitan-area\/\">Aire M\u00e9tropolitaine de Lisbonne<\/a>.<\/p>\n<h2>Lisbon Property est le site principal d&#8217;ARE<\/h2>\n<p>Aujourd&#8217;hui, ARE Real Estate dispose d&#8217;un r\u00e9seau de bureaux et de biens immobiliers \u00e0 vendre dans les emplacements les plus prestigieux du Portugal, notamment l&#8217;<a title=\"Biens \u00e0 vendre Avenida da Liberdade, Lisbonne\" href=\"https:\/\/lisbonproperty.com\/homes\/avenida-da-liberdade\/\">Avenida da Liberdade<\/a> et le <a title=\"Parque das Na\u00e7\u00f5es, Lisbonne\" href=\"https:\/\/lisbonproperty.com\/homes\/parque-das-nacoes\/\">Parque das Na\u00e7\u00f5es<\/a> \u00e0 Lisbonne, <a title=\"Cascais, Portugal\" href=\"https:\/\/lisbonproperty.com\/homes\/cascais\/\">Cascais<\/a>, Oeiras, la r\u00e9gion de Comporta dans l&#8217;Alentejo et Vilamoura en <a title=\"Biens \u00e0 vendre en Algarve\" href=\"https:\/\/lisbonproperty.com\/homes\/algarve\/\">Algarve<\/a>. Cette expansion t\u00e9moigne de notre engagement \u00e0 servir une client\u00e8le diversifi\u00e9e en proposant des biens haut de gamme dans des r\u00e9gions tr\u00e8s recherch\u00e9es.<\/p>\n<h2>Agents Lisbon Property<\/h2>\n<p>Notre \u00e9quipe est compos\u00e9e d&#8217;agents immobiliers exp\u00e9riment\u00e9s, ma\u00eetrisant plusieurs langues, ce qui nous permet de r\u00e9pondre efficacement aux besoins de nos investisseurs internationaux. L&#8217;expertise de nos agents et notre compr\u00e9hension approfondie du march\u00e9 local nous permettent de fournir un service et des conseils exceptionnels \u00e0 nos clients.<\/p>\n<p>ARE Real Estate exploite deux sites web principaux pour diff\u00e9rents march\u00e9s r\u00e9gionaux :<\/p>\n<ul>\n<li>LisbonProperty.com : Pr\u00e9sente plus de 1 000 biens \u00e0 vendre dans diverses r\u00e9gions du Portugal, avec un accent particulier sur le dynamique march\u00e9 lisbonnais.<\/li>\n<li>AlgarveRealEstate.com : Se concentre sur les annonces immobili\u00e8res dans la pittoresque r\u00e9gion sud de l&#8217;Algarve. Les deux sites sont accessibles en quatre langues, refl\u00e9tant notre approche internationale et notre engagement envers l&#8217;inclusivit\u00e9.<\/li>\n<\/ul>\n<p>Lisbon Property, par ARE Real Estate, s&#8217;engage \u00e0 fournir des solutions immobili\u00e8res exceptionnelles adapt\u00e9es aux besoins individuels. Notre vaste connaissance locale des principales zones r\u00e9sidentielles, r\u00e9sidences et opportunit\u00e9s d&#8217;investissement au Portugal nourrit notre passion pour aider nos clients et amis \u00e0 prendre des d\u00e9cisions immobili\u00e8res \u00e9clair\u00e9es.<\/p>\n<h3>Pourquoi Choisir Lisbon Property, par ARE, pour Votre Choix Immobilier au Portugal ?<\/h3>\n<ol>\n<li><strong>\u00c9quipe Exp\u00e9riment\u00e9e et Portefeuille \u00c9tendu<\/strong>: Travaillez avec une \u00e9quipe exp\u00e9riment\u00e9e d&#8217;agents immobiliers, soutenue par une soci\u00e9t\u00e9 solide. Notre portefeuille est mis \u00e0 jour quotidiennement et comprend plus de 1 000 biens \u00e0 travers le Portugal, avec les zones r\u00e9sidentielles les plus recherch\u00e9es et des propri\u00e9t\u00e9s \u00e0 fort rendement locatif.<\/li>\n<li><strong>Bureaux Accessibles et Service Personnalis\u00e9<\/strong>: Rendez-nous visite dans nos diff\u00e9rents bureaux pour des consultations en personne, ou recevez des explications d\u00e9taill\u00e9es par t\u00e9l\u00e9phone et e-mail de nos agents qualifi\u00e9s. L&#8217;expertise de notre \u00e9quipe locale garantit que toutes vos questions re\u00e7oivent une r\u00e9ponse compl\u00e8te.<\/li>\n<li><strong>Ressource Fiable et Compl\u00e8te<\/strong>: Trouvez toutes les connaissances et les biens dont vous avez besoin en un seul endroit de confiance. <strong>ARE Real Estate<\/strong> simplifie votre recherche immobili\u00e8re au Portugal en consolidant une vaste connaissance du march\u00e9 et un large \u00e9ventail d&#8217;options, facilitant ainsi la prise de d\u00e9cisions \u00e9clair\u00e9es.<\/li>\n<\/ol>\n    \n    <section class=\"child-locations homes-locations\">\n                    <h3 class=\"locations-title\">D\u00e9couvrez nos derni\u00e8res propri\u00e9t\u00e9s<\/h3>\n                \n        <div class=\"products-list\">\n            \n<article class=\"product-item lp-card lp-card-swipe\">\n  <!-- home-card v5 | 16:43:58 -->\n  <div class=\"card-slider-wrap\">\n    <div class=\"card-slider\" data-slides=\"4\">\n\n              <div class=\"card-slide\">\n          <a href=\"https:\/\/lisbonproperty.com\/fr\/maisons\/appartement-4-chambres-a-vendre-a-distrikt-parque-das-nacoes-lisbonne-are22733\/\" tabindex=\"-1\">\n            <img src=\"https:\/\/lisbonproperty.com\/fr\/wp-content\/uploads\/45138\/appartement-4-chambres-a-vendre-a-distrikt-parque-das-nacoes-lisbonne-are22733-are22733-001-430x293.webp\"\n              srcset=\"https:\/\/lisbonproperty.com\/fr\/wp-content\/uploads\/45138\/appartement-4-chambres-a-vendre-a-distrikt-parque-das-nacoes-lisbonne-are22733-are22733-001-430x293.webp 1x, https:\/\/lisbonproperty.com\/fr\/wp-content\/uploads\/45138\/appartement-4-chambres-a-vendre-a-distrikt-parque-das-nacoes-lisbonne-are22733-are22733-001-880x586.webp 2x\"\n              sizes=\"(max-width: 480px) 100vw, 430px\"\n              alt=\"Appartement 4 chambres \u00e0 vendre \u00e0 DISTRIKT, Parque das Na\u00e7\u00f5es, Lisbonne &bull; ARE22733\"\n              width=\"430\" height=\"293\"\n              loading=\"eager\"\n              fetchpriority=\"high\"              decoding=\"async\">\n          <\/a>\n        <\/div>\n              <div class=\"card-slide\">\n          <a href=\"https:\/\/lisbonproperty.com\/fr\/maisons\/appartement-4-chambres-a-vendre-a-distrikt-parque-das-nacoes-lisbonne-are22733\/\" tabindex=\"-1\">\n            <img src=\"https:\/\/lisbonproperty.com\/fr\/wp-content\/uploads\/45138\/appartement-4-chambres-a-vendre-a-distrikt-parque-das-nacoes-lisbonne-are22733-are22733-002-430x293.webp\"\n              srcset=\"https:\/\/lisbonproperty.com\/fr\/wp-content\/uploads\/45138\/appartement-4-chambres-a-vendre-a-distrikt-parque-das-nacoes-lisbonne-are22733-are22733-002-430x293.webp 1x, https:\/\/lisbonproperty.com\/fr\/wp-content\/uploads\/45138\/appartement-4-chambres-a-vendre-a-distrikt-parque-das-nacoes-lisbonne-are22733-are22733-002-880x586.webp 2x\"\n              sizes=\"(max-width: 480px) 100vw, 430px\"\n              alt=\"Appartement 4 chambres \u00e0 vendre \u00e0 DISTRIKT, Parque das Na\u00e7\u00f5es, Lisbonne &bull; ARE22733\"\n              width=\"430\" height=\"293\"\n              loading=\"lazy\"\n                            decoding=\"async\">\n          <\/a>\n        <\/div>\n              <div class=\"card-slide\">\n          <a href=\"https:\/\/lisbonproperty.com\/fr\/maisons\/appartement-4-chambres-a-vendre-a-distrikt-parque-das-nacoes-lisbonne-are22733\/\" tabindex=\"-1\">\n            <img src=\"https:\/\/lisbonproperty.com\/fr\/wp-content\/uploads\/45138\/appartement-4-chambres-a-vendre-a-distrikt-parque-das-nacoes-lisbonne-are22733-are22733-003-430x293.webp\"\n              srcset=\"https:\/\/lisbonproperty.com\/fr\/wp-content\/uploads\/45138\/appartement-4-chambres-a-vendre-a-distrikt-parque-das-nacoes-lisbonne-are22733-are22733-003-430x293.webp 1x, https:\/\/lisbonproperty.com\/fr\/wp-content\/uploads\/45138\/appartement-4-chambres-a-vendre-a-distrikt-parque-das-nacoes-lisbonne-are22733-are22733-003-880x586.webp 2x\"\n              sizes=\"(max-width: 480px) 100vw, 430px\"\n              alt=\"Appartement 4 chambres \u00e0 vendre \u00e0 DISTRIKT, Parque das Na\u00e7\u00f5es, Lisbonne &bull; ARE22733\"\n              width=\"430\" height=\"293\"\n              loading=\"lazy\"\n                            decoding=\"async\">\n          <\/a>\n        <\/div>\n      \n      <div class=\"card-slide card-slide-cta\">\n        <div class=\"card-cta-inner\">\n          <p class=\"card-cta-title\">Int\u00e9ress\u00e9 par ce bien?<\/p>\n          <a href=\"https:\/\/wa.me\/351913988888?text=Bonjour%2C%20je%20suis%20int%C3%A9ress%C3%A9%20par%20le%20bien%20ARE-22733\" target=\"_blank\" rel=\"noopener nofollow\" class=\"card-cta-btn card-cta-whatsapp\">\n            <img loading=\"lazy\" decoding=\"async\" src=\"https:\/\/lisbonproperty.com\/fr\/wp-content\/themes\/HIGH-PERFORMANCE-APRIL130-LISBON\/images\/whatsapp-32.png\" alt=\"WhatsApp\" width=\"20\" height=\"20\">\n            Discuter sur WhatsApp          <\/a>\n          <a href=\"https:\/\/lisbonproperty.com\/fr\/maisons\/appartement-4-chambres-a-vendre-a-distrikt-parque-das-nacoes-lisbonne-are22733\/\" class=\"card-cta-btn card-cta-view\">\n            Voir le Bien          <\/a>\n        <\/div>\n      <\/div>\n\n    <\/div>\n\n    <div class=\"card-dots\" aria-hidden=\"true\">\n              <span class=\"card-dot active\"><\/span>\n              <span class=\"card-dot \"><\/span>\n              <span class=\"card-dot \"><\/span>\n              <span class=\"card-dot \"><\/span>\n          <\/div>\n  <\/div>\n\n  <a href=\"https:\/\/lisbonproperty.com\/fr\/maisons\/appartement-4-chambres-a-vendre-a-distrikt-parque-das-nacoes-lisbonne-are22733\/\" class=\"card-main-link\">\n    <h3>Appartement 4 chambres \u00e0 vendre \u00e0 DISTRIKT, Parque das Na\u00e7\u00f5es, Lisbonne &bull; ARE22733<\/h3>\n    <dl class=\"card-details\">\n\n              <div class=\"card-detail-row highlight-price\">\n          <dt>Prix demand\u00e9<\/dt>\n          <dd>1 825 000 \u20ac<\/dd>\n        <\/div>\n      \n              <div class=\"card-detail-row\">\n          <dt>R\u00e9f\u00e9rence de la propri\u00e9t\u00e9<\/dt>\n          <dd>ARE-22733<\/dd>\n        <\/div>\n      \n              <div class=\"card-detail-row\">\n          <dt>Nombre de chambres<\/dt>\n          <dd>4<\/dd>\n        <\/div>\n      \n              <div class=\"card-detail-row\">\n          <dt>Surface int\u00e9rieure<\/dt>\n          <dd>160.39 m<sup>2<\/sup><\/dd>\n        <\/div>\n      \n              <div class=\"card-detail-row\">\n          <dt>Certification \u00e9nerg\u00e9tique<\/dt>\n          <dd>A<\/dd>\n        <\/div>\n      \n    <\/dl>\n  <\/a>\n\n<\/article>\n\n  <script>\n    (function() {\n      const init = () => {\n        if (window.innerWidth > 1024) return;\n        document.querySelectorAll('.card-slider').forEach(slider => {\n          if (slider._swipeInit) return;\n          slider._swipeInit = true;\n          const wrap = slider.closest('.card-slider-wrap');\n          const dots = wrap ? wrap.querySelectorAll('.card-dot') : [];\n          let current = 0;\n\n          slider.addEventListener('scroll', () => {\n            const index = Math.round(slider.scrollLeft \/ slider.offsetWidth);\n            if (index !== current) {\n              current = index;\n              dots.forEach((d, i) => d.classList.toggle('active', i === index));\n            }\n          }, {\n            passive: true\n          });\n        });\n      };\n\n      window.addEventListener('load', init);\n      document.addEventListener('property_grid_updated', init);\n    })();\n  <\/script>\n\n<article class=\"product-item lp-card lp-card-swipe\">\n  <!-- home-card v5 | 16:43:58 -->\n  <div class=\"card-slider-wrap\">\n    <div class=\"card-slider\" data-slides=\"4\">\n\n              <div class=\"card-slide\">\n          <a href=\"https:\/\/lisbonproperty.com\/fr\/maisons\/appartement-4-chambres-a-vendre-a-distrikt-parque-das-nacoes-lisbonne-are22732\/\" tabindex=\"-1\">\n            <img src=\"https:\/\/lisbonproperty.com\/fr\/wp-content\/uploads\/45137\/appartement-4-chambres-a-vendre-a-distrikt-parque-das-nacoes-lisbonne-are22732-are22732-001-430x293.webp\"\n              srcset=\"https:\/\/lisbonproperty.com\/fr\/wp-content\/uploads\/45137\/appartement-4-chambres-a-vendre-a-distrikt-parque-das-nacoes-lisbonne-are22732-are22732-001-430x293.webp 1x, https:\/\/lisbonproperty.com\/fr\/wp-content\/uploads\/45137\/appartement-4-chambres-a-vendre-a-distrikt-parque-das-nacoes-lisbonne-are22732-are22732-001-880x586.webp 2x\"\n              sizes=\"(max-width: 480px) 100vw, 430px\"\n              alt=\"Appartement 4 chambres \u00e0 vendre \u00e0 DISTRIKT, Parque das Na\u00e7\u00f5es, Lisbonne &bull; ARE22732\"\n              width=\"430\" height=\"293\"\n              loading=\"eager\"\n              fetchpriority=\"high\"              decoding=\"async\">\n          <\/a>\n        <\/div>\n              <div class=\"card-slide\">\n          <a href=\"https:\/\/lisbonproperty.com\/fr\/maisons\/appartement-4-chambres-a-vendre-a-distrikt-parque-das-nacoes-lisbonne-are22732\/\" tabindex=\"-1\">\n            <img src=\"https:\/\/lisbonproperty.com\/fr\/wp-content\/uploads\/45137\/appartement-4-chambres-a-vendre-a-distrikt-parque-das-nacoes-lisbonne-are22732-are22732-002-430x293.webp\"\n              srcset=\"https:\/\/lisbonproperty.com\/fr\/wp-content\/uploads\/45137\/appartement-4-chambres-a-vendre-a-distrikt-parque-das-nacoes-lisbonne-are22732-are22732-002-430x293.webp 1x, https:\/\/lisbonproperty.com\/fr\/wp-content\/uploads\/45137\/appartement-4-chambres-a-vendre-a-distrikt-parque-das-nacoes-lisbonne-are22732-are22732-002-880x586.webp 2x\"\n              sizes=\"(max-width: 480px) 100vw, 430px\"\n              alt=\"Appartement 4 chambres \u00e0 vendre \u00e0 DISTRIKT, Parque das Na\u00e7\u00f5es, Lisbonne &bull; ARE22732\"\n              width=\"430\" height=\"293\"\n              loading=\"lazy\"\n                            decoding=\"async\">\n          <\/a>\n        <\/div>\n              <div class=\"card-slide\">\n          <a href=\"https:\/\/lisbonproperty.com\/fr\/maisons\/appartement-4-chambres-a-vendre-a-distrikt-parque-das-nacoes-lisbonne-are22732\/\" tabindex=\"-1\">\n            <img src=\"https:\/\/lisbonproperty.com\/fr\/wp-content\/uploads\/45137\/appartement-4-chambres-a-vendre-a-distrikt-parque-das-nacoes-lisbonne-are22732-are22732-003-430x293.webp\"\n              srcset=\"https:\/\/lisbonproperty.com\/fr\/wp-content\/uploads\/45137\/appartement-4-chambres-a-vendre-a-distrikt-parque-das-nacoes-lisbonne-are22732-are22732-003-430x293.webp 1x, https:\/\/lisbonproperty.com\/fr\/wp-content\/uploads\/45137\/appartement-4-chambres-a-vendre-a-distrikt-parque-das-nacoes-lisbonne-are22732-are22732-003-880x586.webp 2x\"\n              sizes=\"(max-width: 480px) 100vw, 430px\"\n              alt=\"Appartement 4 chambres \u00e0 vendre \u00e0 DISTRIKT, Parque das Na\u00e7\u00f5es, Lisbonne &bull; ARE22732\"\n              width=\"430\" height=\"293\"\n              loading=\"lazy\"\n                            decoding=\"async\">\n          <\/a>\n        <\/div>\n      \n      <div class=\"card-slide card-slide-cta\">\n        <div class=\"card-cta-inner\">\n          <p class=\"card-cta-title\">Int\u00e9ress\u00e9 par ce bien?<\/p>\n          <a href=\"https:\/\/wa.me\/351913988888?text=Bonjour%2C%20je%20suis%20int%C3%A9ress%C3%A9%20par%20le%20bien%20ARE-22732\" target=\"_blank\" rel=\"noopener nofollow\" class=\"card-cta-btn card-cta-whatsapp\">\n            <img loading=\"lazy\" decoding=\"async\" src=\"https:\/\/lisbonproperty.com\/fr\/wp-content\/themes\/HIGH-PERFORMANCE-APRIL130-LISBON\/images\/whatsapp-32.png\" alt=\"WhatsApp\" width=\"20\" height=\"20\">\n            Discuter sur WhatsApp          <\/a>\n          <a href=\"https:\/\/lisbonproperty.com\/fr\/maisons\/appartement-4-chambres-a-vendre-a-distrikt-parque-das-nacoes-lisbonne-are22732\/\" class=\"card-cta-btn card-cta-view\">\n            Voir le Bien          <\/a>\n        <\/div>\n      <\/div>\n\n    <\/div>\n\n    <div class=\"card-dots\" aria-hidden=\"true\">\n              <span class=\"card-dot active\"><\/span>\n              <span class=\"card-dot \"><\/span>\n              <span class=\"card-dot \"><\/span>\n              <span class=\"card-dot \"><\/span>\n          <\/div>\n  <\/div>\n\n  <a href=\"https:\/\/lisbonproperty.com\/fr\/maisons\/appartement-4-chambres-a-vendre-a-distrikt-parque-das-nacoes-lisbonne-are22732\/\" class=\"card-main-link\">\n    <h3>Appartement 4 chambres \u00e0 vendre \u00e0 DISTRIKT, Parque das Na\u00e7\u00f5es, Lisbonne &bull; ARE22732<\/h3>\n    <dl class=\"card-details\">\n\n              <div class=\"card-detail-row highlight-price\">\n          <dt>Prix demand\u00e9<\/dt>\n          <dd>1 875 000 \u20ac<\/dd>\n        <\/div>\n      \n              <div class=\"card-detail-row\">\n          <dt>R\u00e9f\u00e9rence de la propri\u00e9t\u00e9<\/dt>\n          <dd>ARE-22732<\/dd>\n        <\/div>\n      \n              <div class=\"card-detail-row\">\n          <dt>Nombre de chambres<\/dt>\n          <dd>4<\/dd>\n        <\/div>\n      \n              <div class=\"card-detail-row\">\n          <dt>Surface int\u00e9rieure<\/dt>\n          <dd>162.24 m<sup>2<\/sup><\/dd>\n        <\/div>\n      \n              <div class=\"card-detail-row\">\n          <dt>Certification \u00e9nerg\u00e9tique<\/dt>\n          <dd>A<\/dd>\n        <\/div>\n      \n    <\/dl>\n  <\/a>\n\n<\/article>\n\n\n<article class=\"product-item lp-card lp-card-swipe\">\n  <!-- home-card v5 | 16:43:58 -->\n  <div class=\"card-slider-wrap\">\n    <div class=\"card-slider\" data-slides=\"4\">\n\n              <div class=\"card-slide\">\n          <a href=\"https:\/\/lisbonproperty.com\/fr\/maisons\/villa-luxe-6-chambres-a-vendre-a-azoia-sintra-grand-lisbonne-are40215\/\" tabindex=\"-1\">\n            <img src=\"https:\/\/lisbonproperty.com\/fr\/wp-content\/uploads\/45152\/villa-luxe-6-chambres-a-vendre-a-azoia-sintra-grand-lisbonne-are40215-are40215-001-430x293.webp\"\n              srcset=\"https:\/\/lisbonproperty.com\/fr\/wp-content\/uploads\/45152\/villa-luxe-6-chambres-a-vendre-a-azoia-sintra-grand-lisbonne-are40215-are40215-001-430x293.webp 1x, https:\/\/lisbonproperty.com\/fr\/wp-content\/uploads\/45152\/villa-luxe-6-chambres-a-vendre-a-azoia-sintra-grand-lisbonne-are40215-are40215-001-880x586.webp 2x\"\n              sizes=\"(max-width: 480px) 100vw, 430px\"\n              alt=\"Villa Luxe 6 chambres \u00e0 vendre \u00e0 Az\u00f3ia, Sintra, Grand Lisbonne &bull; ARE40215\"\n              width=\"430\" height=\"293\"\n              loading=\"eager\"\n              fetchpriority=\"high\"              decoding=\"async\">\n          <\/a>\n        <\/div>\n              <div class=\"card-slide\">\n          <a href=\"https:\/\/lisbonproperty.com\/fr\/maisons\/villa-luxe-6-chambres-a-vendre-a-azoia-sintra-grand-lisbonne-are40215\/\" tabindex=\"-1\">\n            <img src=\"https:\/\/lisbonproperty.com\/fr\/wp-content\/uploads\/45152\/villa-luxe-6-chambres-a-vendre-a-azoia-sintra-grand-lisbonne-are40215-are40215-002-430x293.webp\"\n              srcset=\"https:\/\/lisbonproperty.com\/fr\/wp-content\/uploads\/45152\/villa-luxe-6-chambres-a-vendre-a-azoia-sintra-grand-lisbonne-are40215-are40215-002-430x293.webp 1x, https:\/\/lisbonproperty.com\/fr\/wp-content\/uploads\/45152\/villa-luxe-6-chambres-a-vendre-a-azoia-sintra-grand-lisbonne-are40215-are40215-002-880x586.webp 2x\"\n              sizes=\"(max-width: 480px) 100vw, 430px\"\n              alt=\"Villa Luxe 6 chambres \u00e0 vendre \u00e0 Az\u00f3ia, Sintra, Grand Lisbonne &bull; ARE40215\"\n              width=\"430\" height=\"293\"\n              loading=\"lazy\"\n                            decoding=\"async\">\n          <\/a>\n        <\/div>\n              <div class=\"card-slide\">\n          <a href=\"https:\/\/lisbonproperty.com\/fr\/maisons\/villa-luxe-6-chambres-a-vendre-a-azoia-sintra-grand-lisbonne-are40215\/\" tabindex=\"-1\">\n            <img src=\"https:\/\/lisbonproperty.com\/fr\/wp-content\/uploads\/45152\/villa-luxe-6-chambres-a-vendre-a-azoia-sintra-grand-lisbonne-are40215-are40215-003-430x293.webp\"\n              srcset=\"https:\/\/lisbonproperty.com\/fr\/wp-content\/uploads\/45152\/villa-luxe-6-chambres-a-vendre-a-azoia-sintra-grand-lisbonne-are40215-are40215-003-430x293.webp 1x, https:\/\/lisbonproperty.com\/fr\/wp-content\/uploads\/45152\/villa-luxe-6-chambres-a-vendre-a-azoia-sintra-grand-lisbonne-are40215-are40215-003-880x586.webp 2x\"\n              sizes=\"(max-width: 480px) 100vw, 430px\"\n              alt=\"Villa Luxe 6 chambres \u00e0 vendre \u00e0 Az\u00f3ia, Sintra, Grand Lisbonne &bull; ARE40215\"\n              width=\"430\" height=\"293\"\n              loading=\"lazy\"\n                            decoding=\"async\">\n          <\/a>\n        <\/div>\n      \n      <div class=\"card-slide card-slide-cta\">\n        <div class=\"card-cta-inner\">\n          <p class=\"card-cta-title\">Int\u00e9ress\u00e9 par ce bien?<\/p>\n          <a href=\"https:\/\/wa.me\/351913988888?text=Bonjour%2C%20je%20suis%20int%C3%A9ress%C3%A9%20par%20le%20bien%20ARE-40215\" target=\"_blank\" rel=\"noopener nofollow\" class=\"card-cta-btn card-cta-whatsapp\">\n            <img loading=\"lazy\" decoding=\"async\" src=\"https:\/\/lisbonproperty.com\/fr\/wp-content\/themes\/HIGH-PERFORMANCE-APRIL130-LISBON\/images\/whatsapp-32.png\" alt=\"WhatsApp\" width=\"20\" height=\"20\">\n            Discuter sur WhatsApp          <\/a>\n          <a href=\"https:\/\/lisbonproperty.com\/fr\/maisons\/villa-luxe-6-chambres-a-vendre-a-azoia-sintra-grand-lisbonne-are40215\/\" class=\"card-cta-btn card-cta-view\">\n            Voir le Bien          <\/a>\n        <\/div>\n      <\/div>\n\n    <\/div>\n\n    <div class=\"card-dots\" aria-hidden=\"true\">\n              <span class=\"card-dot active\"><\/span>\n              <span class=\"card-dot \"><\/span>\n              <span class=\"card-dot \"><\/span>\n              <span class=\"card-dot \"><\/span>\n          <\/div>\n  <\/div>\n\n  <a href=\"https:\/\/lisbonproperty.com\/fr\/maisons\/villa-luxe-6-chambres-a-vendre-a-azoia-sintra-grand-lisbonne-are40215\/\" class=\"card-main-link\">\n    <h3>Villa Luxe 6 chambres \u00e0 vendre \u00e0 Az\u00f3ia, Sintra, Grand Lisbonne &bull; ARE40215<\/h3>\n    <dl class=\"card-details\">\n\n              <div class=\"card-detail-row highlight-price\">\n          <dt>Prix demand\u00e9<\/dt>\n          <dd>4 600 000 \u20ac<\/dd>\n        <\/div>\n      \n              <div class=\"card-detail-row\">\n          <dt>R\u00e9f\u00e9rence de la propri\u00e9t\u00e9<\/dt>\n          <dd>ARE-40215<\/dd>\n        <\/div>\n      \n              <div class=\"card-detail-row\">\n          <dt>Nombre de chambres<\/dt>\n          <dd>6<\/dd>\n        <\/div>\n      \n              <div class=\"card-detail-row\">\n          <dt>Surface int\u00e9rieure<\/dt>\n          <dd>408.0 m<sup>2<\/sup><\/dd>\n        <\/div>\n      \n              <div class=\"card-detail-row\">\n          <dt>Certification \u00e9nerg\u00e9tique<\/dt>\n          <dd>B-<\/dd>\n        <\/div>\n      \n    <\/dl>\n  <\/a>\n\n<\/article>\n\n        <\/div>\n        \n<div class=\"homes-locations-footer\">\n            <a href=\"https:\/\/lisbonproperty.com\/fr\/maisons\/\" class=\"btn-view-all-homes\">\n            Voir toutes les maisons        <\/a>\n    <\/div>\n    <\/section>\n    \n    \n","protected":false},"excerpt":{"rendered":"<p>ARE &#8211; Real Estate, lda Nous sommes ARE, LDA, une agence immobili\u00e8re au Portugal avec une \u00e9quipe d&#8217;agents de nord en sud du pays, avec des milliers de logements dans les meilleures r\u00e9sidences priv\u00e9es et des dizaines d&#8217;agents dot\u00e9s d&#8217;une connaissance locale approfondie, sp\u00e9cialis\u00e9s dans l&#8217;accompagnement des nouveaux arrivants au Portugal pour trouver les meilleures [&hellip;]<\/p>\n","protected":false},"author":1,"featured_media":28,"parent":0,"menu_order":0,"comment_status":"closed","ping_status":"closed","template":"page-about-us.php","meta":{"footnotes":""},"class_list":["post-27","page","type-page","status-publish","has-post-thumbnail","hentry"],"_links":{"self":[{"href":"https:\/\/lisbonproperty.com\/fr\/wp-json\/wp\/v2\/pages\/27","targetHints":{"allow":["GET"]}}],"collection":[{"href":"https:\/\/lisbonproperty.com\/fr\/wp-json\/wp\/v2\/pages"}],"about":[{"href":"https:\/\/lisbonproperty.com\/fr\/wp-json\/wp\/v2\/types\/page"}],"author":[{"embeddable":true,"href":"https:\/\/lisbonproperty.com\/fr\/wp-json\/wp\/v2\/users\/1"}],"replies":[{"embeddable":true,"href":"https:\/\/lisbonproperty.com\/fr\/wp-json\/wp\/v2\/comments?post=27"}],"version-history":[{"count":1,"href":"https:\/\/lisbonproperty.com\/fr\/wp-json\/wp\/v2\/pages\/27\/revisions"}],"predecessor-version":[{"id":46124,"href":"https:\/\/lisbonproperty.com\/fr\/wp-json\/wp\/v2\/pages\/27\/revisions\/46124"}],"wp:featuredmedia":[{"embeddable":true,"href":"https:\/\/lisbonproperty.com\/fr\/wp-json\/wp\/v2\/media\/28"}],"wp:attachment":[{"href":"https:\/\/lisbonproperty.com\/fr\/wp-json\/wp\/v2\/media?parent=27"}],"curies":[{"name":"wp","href":"https:\/\/api.w.org\/{rel}","templated":true}]}}