
{"id":95,"date":"2025-12-30T21:47:58","date_gmt":"2025-12-30T21:47:58","guid":{"rendered":"https:\/\/lisbonproperty.com\/pt\/sobre-nos\/"},"modified":"2026-01-15T22:22:53","modified_gmt":"2026-01-15T22:22:53","slug":"sobre-nos","status":"publish","type":"page","link":"https:\/\/lisbonproperty.com\/pt\/sobre-nos\/","title":{"rendered":"Sobre n\u00f3s"},"content":{"rendered":"<h2>ARE Real Estate \u00e9 uma empresa consolidada no mercado imobili\u00e1rio de Portugal<\/h2>\n<p> <a href=\"https:\/\/lisbonproperty.com\/pt\/\" title=\"Im\u00f3veis Portugal\">lisbonproperty.com\/pt<\/a> \u00e9 a vers\u00e3o em portugu\u00eas do site LisbonProperty.com. O lisbonproperty.com\/pt ofere\u00e7e informa\u00e7\u00f5es em portugu\u00eas, contudo mantemos o conte\u00fado mais completo e detalhado dispon\u00edvel no site principal,  <a href=\"https:\/\/lisbonproperty.com\/pt\/\" title=\"Lisbon Property\">Lisbon Property vers\u00e3o internacional<\/a>.<\/p>\n<p>Fundada em 2012 no sul de Portugal por Jos\u00e9 Mora F\u00e9ria e Rute Mascarenhas, a ARE Real Estate posicionou-se rapidamente como uma empresa l\u00edder no mercado imobili\u00e1rio portugu\u00eas. Estabelecendo inicialmente uma forte presen\u00e7a no Algarve, a empresa expandiu-se para o mercado de Lisboa em 2015 atrav\u00e9s de uma parceria estrat\u00e9gica com a LisbonProperty.com (imoveisportygal.com). Esta expans\u00e3o aproveitou o vasto conhecimento da ARE em desenvolvimento web e marketing, integrando essas for\u00e7as com a experi\u00eancia local da LisbonProperty.com.<br \/>\nHoje, a ARE Real Estate possui uma rede de escrit\u00f3rios nas localiza\u00e7\u00f5es mais prestigiadas de Portugal, incluindo a Avenida da Liberdade e o Parque das Na\u00e7\u00f5es em Lisboa, Cascais, Oeiras, a regi\u00e3o da Comporta no Alentejo e Vilamoura no Algarve. Esta expans\u00e3o sublinha o nosso compromisso em atender a uma base de clientes diversificada, oferecendo propriedades premium em regi\u00f5es cobi\u00e7adas.<\/p>\n<p>Nossa equipe \u00e9 composta por agentes imobili\u00e1rios experientes e proficientes em v\u00e1rias l\u00ednguas principais, garantindo que atendemos \u00e0s necessidades dos nossos investidores internacionais de forma eficaz. A expertise de nossos agentes e nosso entendimento abrangente do mercado local nos permitem fornecer um servi\u00e7o e aconselhamento excepcionais aos nossos clientes.<\/p>\n<p>A ARE Real Estate opera dois principais websites para atender a diferentes mercados regionais:<\/p>\n<ul>\n<li>lisbonproperty.com\/pt: Apresenta mais de 1.000 propriedades \u00e0 venda em v\u00e1rias regi\u00f5es de Portugal, enfatizando o din\u00e2mico mercado de Lisboa.<\/li>\n<li>are.pt: Concentra-se nas listagens de propriedades na pitoresca regi\u00e3o sul do Algarve.<br \/>\nAmbos os websites est\u00e3o acess\u00edveis em quatro idiomas, refletindo nossa abordagem global e compromisso com a inclusividade.<\/li>\n<\/ul>\n<p>A ARE Real Estate est\u00e1 comprometida em fornecer solu\u00e7\u00f5es imobili\u00e1rias personalizadas de excel\u00eancia para as necessidades individuais de cada cliente. Nosso conhecimento local sobre as principais \u00e1reas residenciais, condom\u00ednios e oportunidades de investimento em Portugal alimenta nossa paix\u00e3o em ajudar os nossos clientes e amigos a tomarem decis\u00f5es imobili\u00e1rias informadas.<\/p>\n<h3>Por Que Escolher a ARE para Sua Escolha Imobili\u00e1ria em Portugal?<\/h3>\n<ol>\n<li>Equipe Experiente e Portf\u00f3lio Extensivo: Trabalhe com uma equipe experiente de agentes imobili\u00e1rios, respaldada por uma empresa s\u00f3lida. Nosso portf\u00f3lio \u00e9 atualizado diariamente e inclui mais de 1.000 im\u00f3veis por todo Portugal, destacando as \u00e1reas residenciais mais procuradas e im\u00f3veis com retorno ao investimento.<\/li>\n<li>Escrit\u00f3rios Acess\u00edveis e Servi\u00e7o Personalizado: Visite-nos em v\u00e1rios locais para consultas presenciais para esclarecer quaisquer d\u00favidas que possa ter, ou receba explica\u00e7\u00f5es detalhadas por telefone e e-mail de nossos agentes conhecedores. A expertise da nossa equipe local garante que todas as suas perguntas sejam respondidas de forma abrangente.<\/li>\n<li>Recurso Confi\u00e1vel e Abrangente: Encontre todo o conhecimento sobre Portugal e im\u00f3veis de que precisa em um local de confian\u00e7a. A ARE Real Estate simplifica sua busca por im\u00f3veis em Portugal, consolidando amplo conhecimento do mercado e uma vasta gama de op\u00e7\u00f5es de propriedades, facilitando a informa\u00e7\u00e3o para tomada de decis\u00f5es.<\/li>\n<\/ol>\n    \n    <section class=\"child-locations homes-locations\">\n                    <h3 class=\"locations-title\">Confira os nossos im\u00f3veis mais recentes<\/h3>\n                \n        <div class=\"products-list\">\n            \n<article class=\"product-item lp-card lp-card-swipe\">\n  <!-- home-card v5 | 03:05:34 -->\n  <div class=\"card-slider-wrap\">\n    <div class=\"card-slider\" data-slides=\"4\">\n\n              <div class=\"card-slide\">\n          <a href=\"https:\/\/lisbonproperty.com\/pt\/casas\/apartamento-3-quartos-a-venda-em-praca-da-alegria-lisboa-are39309\/\" tabindex=\"-1\">\n            <img src=\"https:\/\/lisbonproperty.com\/pt\/wp-content\/uploads\/46014\/apartamento-3-quartos-a-venda-em-praca-da-alegria-lisboa-are39309-are39309-001-430x293.jpg\"\n              srcset=\"https:\/\/lisbonproperty.com\/pt\/wp-content\/uploads\/46014\/apartamento-3-quartos-a-venda-em-praca-da-alegria-lisboa-are39309-are39309-001-430x293.jpg 1x, https:\/\/lisbonproperty.com\/pt\/wp-content\/uploads\/46014\/apartamento-3-quartos-a-venda-em-praca-da-alegria-lisboa-are39309-are39309-001-880x586.jpg 2x\"\n              sizes=\"(max-width: 480px) 100vw, 430px\"\n              alt=\"Apartamento 3 quartos \u00e0 venda em Pra\u00e7a da Alegria, Lisboa &bull; ARE39309\"\n              width=\"430\" height=\"293\"\n              loading=\"eager\"\n              fetchpriority=\"high\"              decoding=\"async\">\n          <\/a>\n        <\/div>\n              <div class=\"card-slide\">\n          <a href=\"https:\/\/lisbonproperty.com\/pt\/casas\/apartamento-3-quartos-a-venda-em-praca-da-alegria-lisboa-are39309\/\" tabindex=\"-1\">\n            <img src=\"https:\/\/lisbonproperty.com\/pt\/wp-content\/uploads\/46014\/apartamento-3-quartos-a-venda-em-praca-da-alegria-lisboa-are39309-are39309-002-430x293.jpg\"\n              srcset=\"https:\/\/lisbonproperty.com\/pt\/wp-content\/uploads\/46014\/apartamento-3-quartos-a-venda-em-praca-da-alegria-lisboa-are39309-are39309-002-430x293.jpg 1x, https:\/\/lisbonproperty.com\/pt\/wp-content\/uploads\/46014\/apartamento-3-quartos-a-venda-em-praca-da-alegria-lisboa-are39309-are39309-002-880x586.jpg 2x\"\n              sizes=\"(max-width: 480px) 100vw, 430px\"\n              alt=\"Apartamento 3 quartos \u00e0 venda em Pra\u00e7a da Alegria, Lisboa &bull; ARE39309\"\n              width=\"430\" height=\"293\"\n              loading=\"lazy\"\n                            decoding=\"async\">\n          <\/a>\n        <\/div>\n              <div class=\"card-slide\">\n          <a href=\"https:\/\/lisbonproperty.com\/pt\/casas\/apartamento-3-quartos-a-venda-em-praca-da-alegria-lisboa-are39309\/\" tabindex=\"-1\">\n            <img src=\"https:\/\/lisbonproperty.com\/pt\/wp-content\/uploads\/46014\/apartamento-3-quartos-a-venda-em-praca-da-alegria-lisboa-are39309-are39309-003-430x293.jpg\"\n              srcset=\"https:\/\/lisbonproperty.com\/pt\/wp-content\/uploads\/46014\/apartamento-3-quartos-a-venda-em-praca-da-alegria-lisboa-are39309-are39309-003-430x293.jpg 1x, https:\/\/lisbonproperty.com\/pt\/wp-content\/uploads\/46014\/apartamento-3-quartos-a-venda-em-praca-da-alegria-lisboa-are39309-are39309-003-880x586.jpg 2x\"\n              sizes=\"(max-width: 480px) 100vw, 430px\"\n              alt=\"Apartamento 3 quartos \u00e0 venda em Pra\u00e7a da Alegria, Lisboa &bull; ARE39309\"\n              width=\"430\" height=\"293\"\n              loading=\"lazy\"\n                            decoding=\"async\">\n          <\/a>\n        <\/div>\n      \n      <div class=\"card-slide card-slide-cta\">\n        <div class=\"card-cta-inner\">\n          <p class=\"card-cta-title\">Interessado neste im\u00f3vel?<\/p>\n          <a href=\"https:\/\/wa.me\/351913988888?text=Ol%C3%A1%2C%20estou%20interessado%20no%20im%C3%B3vel%20ARE-39309\" target=\"_blank\" rel=\"noopener nofollow\" class=\"card-cta-btn card-cta-whatsapp\">\n            <img loading=\"lazy\" decoding=\"async\" src=\"https:\/\/lisbonproperty.com\/pt\/wp-content\/themes\/APRIL-V062-LISBON\/images\/whatsapp-32.png\" alt=\"WhatsApp\" width=\"20\" height=\"20\">\n            Falar no WhatsApp          <\/a>\n          <a href=\"https:\/\/lisbonproperty.com\/pt\/casas\/apartamento-3-quartos-a-venda-em-praca-da-alegria-lisboa-are39309\/\" class=\"card-cta-btn card-cta-view\">\n            Ver Im\u00f3vel          <\/a>\n        <\/div>\n      <\/div>\n\n    <\/div>\n\n    <div class=\"card-dots\" aria-hidden=\"true\">\n              <span class=\"card-dot active\"><\/span>\n              <span class=\"card-dot \"><\/span>\n              <span class=\"card-dot \"><\/span>\n              <span class=\"card-dot \"><\/span>\n          <\/div>\n  <\/div>\n\n  <a href=\"https:\/\/lisbonproperty.com\/pt\/casas\/apartamento-3-quartos-a-venda-em-praca-da-alegria-lisboa-are39309\/\" class=\"card-main-link\">\n    <h3>Apartamento 3 quartos \u00e0 venda em Pra\u00e7a da Alegria, Lisboa &bull; ARE39309<\/h3>\n    <dl class=\"card-details\">\n\n              <div class=\"card-detail-row highlight-price\">\n          <dt>Pre\u00e7o pedido<\/dt>\n          <dd>1 140 000 \u20ac<\/dd>\n        <\/div>\n      \n              <div class=\"card-detail-row\">\n          <dt>Refer\u00eancia da propriedade<\/dt>\n          <dd>ARE-39309<\/dd>\n        <\/div>\n      \n              <div class=\"card-detail-row\">\n          <dt>N\u00famero de quartos<\/dt>\n          <dd>3<\/dd>\n        <\/div>\n      \n              <div class=\"card-detail-row\">\n          <dt>\u00c1rea interior<\/dt>\n          <dd>111.0 m<sup>2<\/sup><\/dd>\n        <\/div>\n      \n              <div class=\"card-detail-row\">\n          <dt>Certifica\u00e7\u00e3o energ\u00e9tica<\/dt>\n          <dd>E<\/dd>\n        <\/div>\n      \n    <\/dl>\n  <\/a>\n\n<\/article>\n\n  <script>\n    (function() {\n      const init = () => {\n        if (window.innerWidth > 1024) return;\n        document.querySelectorAll('.card-slider').forEach(slider => {\n          if (slider._swipeInit) return;\n          slider._swipeInit = true;\n          const wrap = slider.closest('.card-slider-wrap');\n          const dots = wrap ? wrap.querySelectorAll('.card-dot') : [];\n          let current = 0;\n\n          slider.addEventListener('scroll', () => {\n            const index = Math.round(slider.scrollLeft \/ slider.offsetWidth);\n            if (index !== current) {\n              current = index;\n              dots.forEach((d, i) => d.classList.toggle('active', i === index));\n            }\n          }, {\n            passive: true\n          });\n        });\n      };\n\n      window.addEventListener('load', init);\n      document.addEventListener('property_grid_updated', init);\n    })();\n  <\/script>\n\n<article class=\"product-item lp-card lp-card-swipe\">\n  <!-- home-card v5 | 03:05:34 -->\n  <div class=\"card-slider-wrap\">\n    <div class=\"card-slider\" data-slides=\"4\">\n\n              <div class=\"card-slide\">\n          <a href=\"https:\/\/lisbonproperty.com\/pt\/casas\/apartamento-1-quarto-a-venda-em-cascais-grande-lisboa-are39273\/\" tabindex=\"-1\">\n            <img src=\"https:\/\/lisbonproperty.com\/pt\/wp-content\/uploads\/46013\/apartamento-1-quarto-a-venda-em-cascais-grande-lisboa-are39273-are39273-001-430x293.jpg\"\n              srcset=\"https:\/\/lisbonproperty.com\/pt\/wp-content\/uploads\/46013\/apartamento-1-quarto-a-venda-em-cascais-grande-lisboa-are39273-are39273-001-430x293.jpg 1x, https:\/\/lisbonproperty.com\/pt\/wp-content\/uploads\/46013\/apartamento-1-quarto-a-venda-em-cascais-grande-lisboa-are39273-are39273-001-880x586.jpg 2x\"\n              sizes=\"(max-width: 480px) 100vw, 430px\"\n              alt=\"Apartamento 1 quarto \u00e0 venda em Cascais, Grande Lisboa &bull; ARE39273\"\n              width=\"430\" height=\"293\"\n              loading=\"eager\"\n              fetchpriority=\"high\"              decoding=\"async\">\n          <\/a>\n        <\/div>\n              <div class=\"card-slide\">\n          <a href=\"https:\/\/lisbonproperty.com\/pt\/casas\/apartamento-1-quarto-a-venda-em-cascais-grande-lisboa-are39273\/\" tabindex=\"-1\">\n            <img src=\"https:\/\/lisbonproperty.com\/pt\/wp-content\/uploads\/46013\/apartamento-1-quarto-a-venda-em-cascais-grande-lisboa-are39273-are39273-002-430x293.jpg\"\n              srcset=\"https:\/\/lisbonproperty.com\/pt\/wp-content\/uploads\/46013\/apartamento-1-quarto-a-venda-em-cascais-grande-lisboa-are39273-are39273-002-430x293.jpg 1x, https:\/\/lisbonproperty.com\/pt\/wp-content\/uploads\/46013\/apartamento-1-quarto-a-venda-em-cascais-grande-lisboa-are39273-are39273-002-880x586.jpg 2x\"\n              sizes=\"(max-width: 480px) 100vw, 430px\"\n              alt=\"Apartamento 1 quarto \u00e0 venda em Cascais, Grande Lisboa &bull; ARE39273\"\n              width=\"430\" height=\"293\"\n              loading=\"lazy\"\n                            decoding=\"async\">\n          <\/a>\n        <\/div>\n              <div class=\"card-slide\">\n          <a href=\"https:\/\/lisbonproperty.com\/pt\/casas\/apartamento-1-quarto-a-venda-em-cascais-grande-lisboa-are39273\/\" tabindex=\"-1\">\n            <img src=\"https:\/\/lisbonproperty.com\/pt\/wp-content\/uploads\/46013\/apartamento-1-quarto-a-venda-em-cascais-grande-lisboa-are39273-are39273-003-430x293.jpg\"\n              srcset=\"https:\/\/lisbonproperty.com\/pt\/wp-content\/uploads\/46013\/apartamento-1-quarto-a-venda-em-cascais-grande-lisboa-are39273-are39273-003-430x293.jpg 1x, https:\/\/lisbonproperty.com\/pt\/wp-content\/uploads\/46013\/apartamento-1-quarto-a-venda-em-cascais-grande-lisboa-are39273-are39273-003-880x586.jpg 2x\"\n              sizes=\"(max-width: 480px) 100vw, 430px\"\n              alt=\"Apartamento 1 quarto \u00e0 venda em Cascais, Grande Lisboa &bull; ARE39273\"\n              width=\"430\" height=\"293\"\n              loading=\"lazy\"\n                            decoding=\"async\">\n          <\/a>\n        <\/div>\n      \n      <div class=\"card-slide card-slide-cta\">\n        <div class=\"card-cta-inner\">\n          <p class=\"card-cta-title\">Interessado neste im\u00f3vel?<\/p>\n          <a href=\"https:\/\/wa.me\/351913988888?text=Ol%C3%A1%2C%20estou%20interessado%20no%20im%C3%B3vel%20ARE-39273\" target=\"_blank\" rel=\"noopener nofollow\" class=\"card-cta-btn card-cta-whatsapp\">\n            <img loading=\"lazy\" decoding=\"async\" src=\"https:\/\/lisbonproperty.com\/pt\/wp-content\/themes\/APRIL-V062-LISBON\/images\/whatsapp-32.png\" alt=\"WhatsApp\" width=\"20\" height=\"20\">\n            Falar no WhatsApp          <\/a>\n          <a href=\"https:\/\/lisbonproperty.com\/pt\/casas\/apartamento-1-quarto-a-venda-em-cascais-grande-lisboa-are39273\/\" class=\"card-cta-btn card-cta-view\">\n            Ver Im\u00f3vel          <\/a>\n        <\/div>\n      <\/div>\n\n    <\/div>\n\n    <div class=\"card-dots\" aria-hidden=\"true\">\n              <span class=\"card-dot active\"><\/span>\n              <span class=\"card-dot \"><\/span>\n              <span class=\"card-dot \"><\/span>\n              <span class=\"card-dot \"><\/span>\n          <\/div>\n  <\/div>\n\n  <a href=\"https:\/\/lisbonproperty.com\/pt\/casas\/apartamento-1-quarto-a-venda-em-cascais-grande-lisboa-are39273\/\" class=\"card-main-link\">\n    <h3>Apartamento 1 quarto \u00e0 venda em Cascais, Grande Lisboa &bull; ARE39273<\/h3>\n    <dl class=\"card-details\">\n\n              <div class=\"card-detail-row highlight-price\">\n          <dt>Pre\u00e7o pedido<\/dt>\n          <dd>980 000 \u20ac<\/dd>\n        <\/div>\n      \n              <div class=\"card-detail-row\">\n          <dt>Refer\u00eancia da propriedade<\/dt>\n          <dd>ARE-39273<\/dd>\n        <\/div>\n      \n              <div class=\"card-detail-row\">\n          <dt>N\u00famero de quartos<\/dt>\n          <dd>1<\/dd>\n        <\/div>\n      \n              <div class=\"card-detail-row\">\n          <dt>\u00c1rea interior<\/dt>\n          <dd>74.4 m<sup>2<\/sup><\/dd>\n        <\/div>\n      \n              <div class=\"card-detail-row\">\n          <dt>Certifica\u00e7\u00e3o energ\u00e9tica<\/dt>\n          <dd>D<\/dd>\n        <\/div>\n      \n    <\/dl>\n  <\/a>\n\n<\/article>\n\n\n<article class=\"product-item lp-card lp-card-swipe\">\n  <!-- home-card v5 | 03:05:34 -->\n  <div class=\"card-slider-wrap\">\n    <div class=\"card-slider\" data-slides=\"4\">\n\n              <div class=\"card-slide\">\n          <a href=\"https:\/\/lisbonproperty.com\/pt\/casas\/apartamento-2-quartos-a-venda-em-costa-da-guia-cascais-grande-lisboa-are39956\/\" tabindex=\"-1\">\n            <img src=\"https:\/\/lisbonproperty.com\/pt\/wp-content\/uploads\/46012\/apartamento-2-quartos-a-venda-em-costa-da-guia-cascais-grande-lisboa-are39956-are39956-001-430x293.jpg\"\n              srcset=\"https:\/\/lisbonproperty.com\/pt\/wp-content\/uploads\/46012\/apartamento-2-quartos-a-venda-em-costa-da-guia-cascais-grande-lisboa-are39956-are39956-001-430x293.jpg 1x, https:\/\/lisbonproperty.com\/pt\/wp-content\/uploads\/46012\/apartamento-2-quartos-a-venda-em-costa-da-guia-cascais-grande-lisboa-are39956-are39956-001-880x586.jpg 2x\"\n              sizes=\"(max-width: 480px) 100vw, 430px\"\n              alt=\"Apartamento 2 quartos \u00e0 venda em Costa da Guia, Cascais, Grande Lisboa &bull; ARE39956\"\n              width=\"430\" height=\"293\"\n              loading=\"eager\"\n              fetchpriority=\"high\"              decoding=\"async\">\n          <\/a>\n        <\/div>\n              <div class=\"card-slide\">\n          <a href=\"https:\/\/lisbonproperty.com\/pt\/casas\/apartamento-2-quartos-a-venda-em-costa-da-guia-cascais-grande-lisboa-are39956\/\" tabindex=\"-1\">\n            <img src=\"https:\/\/lisbonproperty.com\/pt\/wp-content\/uploads\/46012\/apartamento-2-quartos-a-venda-em-costa-da-guia-cascais-grande-lisboa-are39956-are39956-002-430x293.jpg\"\n              srcset=\"https:\/\/lisbonproperty.com\/pt\/wp-content\/uploads\/46012\/apartamento-2-quartos-a-venda-em-costa-da-guia-cascais-grande-lisboa-are39956-are39956-002-430x293.jpg 1x, https:\/\/lisbonproperty.com\/pt\/wp-content\/uploads\/46012\/apartamento-2-quartos-a-venda-em-costa-da-guia-cascais-grande-lisboa-are39956-are39956-002-880x586.jpg 2x\"\n              sizes=\"(max-width: 480px) 100vw, 430px\"\n              alt=\"Apartamento 2 quartos \u00e0 venda em Costa da Guia, Cascais, Grande Lisboa &bull; ARE39956\"\n              width=\"430\" height=\"293\"\n              loading=\"lazy\"\n                            decoding=\"async\">\n          <\/a>\n        <\/div>\n              <div class=\"card-slide\">\n          <a href=\"https:\/\/lisbonproperty.com\/pt\/casas\/apartamento-2-quartos-a-venda-em-costa-da-guia-cascais-grande-lisboa-are39956\/\" tabindex=\"-1\">\n            <img src=\"https:\/\/lisbonproperty.com\/pt\/wp-content\/uploads\/46012\/apartamento-2-quartos-a-venda-em-costa-da-guia-cascais-grande-lisboa-are39956-are39956-003-430x293.jpg\"\n              srcset=\"https:\/\/lisbonproperty.com\/pt\/wp-content\/uploads\/46012\/apartamento-2-quartos-a-venda-em-costa-da-guia-cascais-grande-lisboa-are39956-are39956-003-430x293.jpg 1x, https:\/\/lisbonproperty.com\/pt\/wp-content\/uploads\/46012\/apartamento-2-quartos-a-venda-em-costa-da-guia-cascais-grande-lisboa-are39956-are39956-003-880x586.jpg 2x\"\n              sizes=\"(max-width: 480px) 100vw, 430px\"\n              alt=\"Apartamento 2 quartos \u00e0 venda em Costa da Guia, Cascais, Grande Lisboa &bull; ARE39956\"\n              width=\"430\" height=\"293\"\n              loading=\"lazy\"\n                            decoding=\"async\">\n          <\/a>\n        <\/div>\n      \n      <div class=\"card-slide card-slide-cta\">\n        <div class=\"card-cta-inner\">\n          <p class=\"card-cta-title\">Interessado neste im\u00f3vel?<\/p>\n          <a href=\"https:\/\/wa.me\/351913988888?text=Ol%C3%A1%2C%20estou%20interessado%20no%20im%C3%B3vel%20ARE-39956\" target=\"_blank\" rel=\"noopener nofollow\" class=\"card-cta-btn card-cta-whatsapp\">\n            <img loading=\"lazy\" decoding=\"async\" src=\"https:\/\/lisbonproperty.com\/pt\/wp-content\/themes\/APRIL-V062-LISBON\/images\/whatsapp-32.png\" alt=\"WhatsApp\" width=\"20\" height=\"20\">\n            Falar no WhatsApp          <\/a>\n          <a href=\"https:\/\/lisbonproperty.com\/pt\/casas\/apartamento-2-quartos-a-venda-em-costa-da-guia-cascais-grande-lisboa-are39956\/\" class=\"card-cta-btn card-cta-view\">\n            Ver Im\u00f3vel          <\/a>\n        <\/div>\n      <\/div>\n\n    <\/div>\n\n    <div class=\"card-dots\" aria-hidden=\"true\">\n              <span class=\"card-dot active\"><\/span>\n              <span class=\"card-dot \"><\/span>\n              <span class=\"card-dot \"><\/span>\n              <span class=\"card-dot \"><\/span>\n          <\/div>\n  <\/div>\n\n  <a href=\"https:\/\/lisbonproperty.com\/pt\/casas\/apartamento-2-quartos-a-venda-em-costa-da-guia-cascais-grande-lisboa-are39956\/\" class=\"card-main-link\">\n    <h3>Apartamento 2 quartos \u00e0 venda em Costa da Guia, Cascais, Grande Lisboa &bull; ARE39956<\/h3>\n    <dl class=\"card-details\">\n\n              <div class=\"card-detail-row highlight-price\">\n          <dt>Pre\u00e7o pedido<\/dt>\n          <dd>700 000 \u20ac<\/dd>\n        <\/div>\n      \n              <div class=\"card-detail-row\">\n          <dt>Refer\u00eancia da propriedade<\/dt>\n          <dd>ARE-39956<\/dd>\n        <\/div>\n      \n              <div class=\"card-detail-row\">\n          <dt>N\u00famero de quartos<\/dt>\n          <dd>2<\/dd>\n        <\/div>\n      \n              <div class=\"card-detail-row\">\n          <dt>\u00c1rea interior<\/dt>\n          <dd>90.0 m<sup>2<\/sup><\/dd>\n        <\/div>\n      \n              <div class=\"card-detail-row\">\n          <dt>Certifica\u00e7\u00e3o energ\u00e9tica<\/dt>\n          <dd>E<\/dd>\n        <\/div>\n      \n    <\/dl>\n  <\/a>\n\n<\/article>\n\n        <\/div>\n        \n<div class=\"homes-locations-footer\">\n            <a href=\"https:\/\/lisbonproperty.com\/pt\/casas\/\" class=\"btn-view-all-homes\">\n            Ver todas as casas        <\/a>\n    <\/div>\n    <\/section>\n    \n    \n","protected":false},"excerpt":{"rendered":"<p>ARE Real Estate \u00e9 uma empresa consolidada no mercado imobili\u00e1rio de Portugal lisbonproperty.com\/pt \u00e9 a vers\u00e3o em portugu\u00eas do site LisbonProperty.com. O lisbonproperty.com\/pt ofere\u00e7e informa\u00e7\u00f5es em portugu\u00eas, contudo mantemos o conte\u00fado mais completo e detalhado dispon\u00edvel no site principal, Lisbon Property vers\u00e3o internacional. Fundada em 2012 no sul de Portugal por Jos\u00e9 Mora F\u00e9ria e [&hellip;]<\/p>\n","protected":false},"author":1,"featured_media":96,"parent":0,"menu_order":0,"comment_status":"closed","ping_status":"open","template":"page-about-us.php","meta":{"footnotes":""},"class_list":["post-95","page","type-page","status-publish","has-post-thumbnail","hentry"],"_links":{"self":[{"href":"https:\/\/lisbonproperty.com\/pt\/wp-json\/wp\/v2\/pages\/95","targetHints":{"allow":["GET"]}}],"collection":[{"href":"https:\/\/lisbonproperty.com\/pt\/wp-json\/wp\/v2\/pages"}],"about":[{"href":"https:\/\/lisbonproperty.com\/pt\/wp-json\/wp\/v2\/types\/page"}],"author":[{"embeddable":true,"href":"https:\/\/lisbonproperty.com\/pt\/wp-json\/wp\/v2\/users\/1"}],"replies":[{"embeddable":true,"href":"https:\/\/lisbonproperty.com\/pt\/wp-json\/wp\/v2\/comments?post=95"}],"version-history":[{"count":3,"href":"https:\/\/lisbonproperty.com\/pt\/wp-json\/wp\/v2\/pages\/95\/revisions"}],"predecessor-version":[{"id":36101,"href":"https:\/\/lisbonproperty.com\/pt\/wp-json\/wp\/v2\/pages\/95\/revisions\/36101"}],"wp:featuredmedia":[{"embeddable":true,"href":"https:\/\/lisbonproperty.com\/pt\/wp-json\/wp\/v2\/media\/96"}],"wp:attachment":[{"href":"https:\/\/lisbonproperty.com\/pt\/wp-json\/wp\/v2\/media?parent=95"}],"curies":[{"name":"wp","href":"https:\/\/api.w.org\/{rel}","templated":true}]}}