
{"id":104,"date":"2025-12-30T21:47:58","date_gmt":"2025-12-30T21:47:58","guid":{"rendered":"https:\/\/lisbonproperty.com\/pt\/politica-de-privacidade\/"},"modified":"2025-12-30T21:47:58","modified_gmt":"2025-12-30T21:47:58","slug":"politica-de-privacidade","status":"publish","type":"page","link":"https:\/\/lisbonproperty.com\/pt\/politica-de-privacidade\/","title":{"rendered":"Pol\u00edtica de Privacidade"},"content":{"rendered":"<h2>Quem Somos<\/h2>\n<p> Somos uma empresa de media\u00e7\u00e3o imobili\u00e1ria com sede em Portugal, registrada sob o nome comercial ARE, media\u00e7\u00e3o imobili\u00e1ria, Lda, com licen\u00e7a IMPIC 9492 (regulada pela autoridade portuguesa de constru\u00e7\u00e3o e imobili\u00e1rio, IMPIC). &#8220;ARE&#8221; significa &#8220;Algarve Real Estate&#8221;, pois nossa empresa foi fundada no Algarve com o nosso primeiro site, algarverealestate.com, lan\u00e7ado em 2012. Com o tempo, expandimos e adotamos o nome ARE para lan\u00e7ar outros sites, incluindo lisbonproperty.com para o mercado de l\u00edngua inglesa, immobilierportugal.com para falantes de franc\u00eas, imoveisportugal.com para falantes de portugu\u00eas e inmobiliariaportugal.com para falantes de espanhol.<br \/>\nNossa equipe de agentes colabora com clientes para encontrar as melhores solu\u00e7\u00f5es imobili\u00e1rias, sempre com a aprova\u00e7\u00e3o deles.<\/p>\n<p>Nosso site principal \u00e9: <a href=\"https:\/\/lisbonproperty.com\/\">https:\/\/lisbonproperty.com\/<\/a> na vers\u00e3o inglesa. Vers\u00f5es traduzidas incluem este site <a href=\"https:\/\/lisbonproperty.com\/pt\/\">lisbonproperty.com\/pt\/<\/a>, lisbonproperty.com\/fr\/, e lisbonproperty.com\/es\/<\/p>\n<h2>Im\u00f3veis \u00e0 Venda e Artigos Sobre Portugal<\/h2>\n<p> Nossa principal atividade \u00e9 a presta\u00e7\u00e3o de servi\u00e7os de media\u00e7\u00e3o imobili\u00e1ria em Portugal. Trabalhamos com diversos colaboradores para oferecer as melhores solu\u00e7\u00f5es imobili\u00e1rias para nossos clientes e visitantes. Esses im\u00f3veis podem ser visualizados na <a title=\"Im\u00f3veis em Portugal\" href=\"https:\/\/lisbonproperty.com\/pt\/imoveis-em-portugal\/\">p\u00e1gina de Im\u00f3veis em Portugal<\/a>.<br \/>\nTamb\u00e9m criamos conte\u00fado sobre as principais cidades de Portugal e lugares not\u00e1veis para visitar. Usando fotos de cole\u00e7\u00f5es privadas, buscamos destacar a beleza de Portugal e mostrar por que \u00e9 um lugar maravilhoso para viver. Nosso objetivo \u00e9 fazer com que os visitantes se sintam bem-vindos em nosso site e em Portugal, compartilhando nosso conhecimento e paix\u00e3o por meio de artigos e imagens, dispon\u00edveis na <a title=\"Viver em Portugal\" href=\"https:\/\/lisbonproperty.com\/pt\/viver-em-portugal\/\">p\u00e1gina de Viver em Portugal<\/a>.<\/p>\n<p>Al\u00e9m disso, reunimos informa\u00e7\u00f5es de profissionais de \u00e1reas t\u00e9cnicas e inclu\u00edmos links para suas fontes, permitindo que os leitores verifiquem as informa\u00e7\u00f5es e explorem mais por conta pr\u00f3pria.<\/p>\n<h2>Coment\u00e1rios<\/h2>\n<p> N\u00e3o permitimos que os visitantes deixem coment\u00e1rios em nosso site para evitar spam. Portanto, n\u00e3o coletamos nenhum dado por meio de coment\u00e1rios, incluindo endere\u00e7os IP ou informa\u00e7\u00f5es do navegador. <\/p>\n<h2>M\u00eddia<\/h2>\n<p> Todos os artigos e imagens em nosso site s\u00e3o criados para fornecer informa\u00e7\u00f5es valiosas aos visitantes sobre as \u00e1reas discutidas. <\/p>\n<h2>Cookies<\/h2>\n<p> Nosso site utiliza cookies para melhorar a experi\u00eancia do usu\u00e1rio. Cookies essenciais, como os necess\u00e1rios para a funcionalidade do site, s\u00e3o configurados automaticamente. Cookies n\u00e3o essenciais, incluindo os usados para an\u00e1lises, s\u00e3o configurados apenas com o consentimento do usu\u00e1rio.<br \/>\nSe voc\u00ea visitar nossa p\u00e1gina de login, configuraremos um cookie tempor\u00e1rio para verificar a compatibilidade do seu navegador com cookies. Esse cookie n\u00e3o cont\u00e9m dados pessoais e ser\u00e1 descartado ao fechar o navegador.<\/p>\n<h2>Conte\u00fado Incorporado de Outros Sites<\/h2>\n<p> Alguns artigos em nosso site podem incluir conte\u00fado incorporado (por exemplo, v\u00eddeos, imagens ou artigos). O conte\u00fado incorporado se comporta como se o visitante estivesse acessando diretamente o site externo, que pode coletar dados, usar cookies ou rastrear intera\u00e7\u00f5es. Consulte as pol\u00edticas de privacidade desses sites para mais detalhes. <\/p>\n<h2>Com Quem Compartilhamos Seus Dados<\/h2>\n<p> Utilizamos software de terceiros, como o Google Analytics, para monitorar o tr\u00e1fego do site. Sempre que poss\u00edvel, esses dados s\u00e3o anonimizados, e nenhuma informa\u00e7\u00e3o pessoal identific\u00e1vel \u00e9 compartilhada. <\/p>\n<h2>Por Quanto Tempo Retemos Seus Dados<\/h2>\n<p> Se voc\u00ea entrar em contato conosco por meio de formul\u00e1rios, telefone ou redes sociais, coletaremos seu nome, e-mail, n\u00famero de telefone e detalhes da solicita\u00e7\u00e3o. Se desejar que seus dados sejam exclu\u00eddos, envie-nos um e-mail, e atenderemos prontamente. Usu\u00e1rios registrados (se aplic\u00e1vel) podem gerenciar ou excluir suas informa\u00e7\u00f5es de perfil. Administradores tamb\u00e9m podem editar ou excluir informa\u00e7\u00f5es do usu\u00e1rio. <\/p>\n<h2>Seus Direitos Sobre Seus Dados<\/h2>\n<p> Voc\u00ea pode solicitar uma c\u00f3pia dos dados pessoais que possu\u00edmos sobre voc\u00ea ou solicitar sua exclus\u00e3o, exceto nos casos em que os dados sejam necess\u00e1rios para fins legais ou administrativos. Para solicita\u00e7\u00f5es, entre em contato conosco em <a href=\"https:\/\/lisbonproperty.com\/pt\/sobre-nos\/\">https:\/\/lisbonproperty.com\/pt\/sobre-nos\/<\/a>. <\/p>\n<h2>Para Onde Seus Dados S\u00e3o Enviados<\/h2>\n<p> Intera\u00e7\u00f5es de visitantes podem ser verificadas por servi\u00e7os autom\u00e1ticos de detec\u00e7\u00e3o de spam. <\/p>\n<h2>Fale Conosco<\/h2>\n<p> Se tiver d\u00favidas sobre esta pol\u00edtica de privacidade, entre em contato conosco em <a href=\"https:\/\/lisbonproperty.com\/pt\/sobre-nos\/\">https:\/\/lisbonproperty.com\/pt\/sobre-nos\/<\/a>.<br \/>\n<a href=\"https:\/\/lisbonproperty.com\/pt\/disclaimer\/\">Isen\u00e7\u00e3o de responsabilidade<\/a><\/p>\n","protected":false},"excerpt":{"rendered":"<p>Quem Somos Somos uma empresa de media\u00e7\u00e3o imobili\u00e1ria com sede em Portugal, registrada sob o nome comercial ARE, media\u00e7\u00e3o imobili\u00e1ria, Lda, com licen\u00e7a IMPIC 9492 (regulada pela autoridade portuguesa de constru\u00e7\u00e3o e imobili\u00e1rio, IMPIC). &#8220;ARE&#8221; significa &#8220;Algarve Real Estate&#8221;, pois nossa empresa foi fundada no Algarve com o nosso primeiro site, algarverealestate.com, lan\u00e7ado em 2012. [&hellip;]<\/p>\n","protected":false},"author":1,"featured_media":0,"parent":0,"menu_order":0,"comment_status":"open","ping_status":"open","template":"","meta":{"footnotes":""},"class_list":["post-104","page","type-page","status-publish","hentry"],"_links":{"self":[{"href":"https:\/\/lisbonproperty.com\/pt\/wp-json\/wp\/v2\/pages\/104","targetHints":{"allow":["GET"]}}],"collection":[{"href":"https:\/\/lisbonproperty.com\/pt\/wp-json\/wp\/v2\/pages"}],"about":[{"href":"https:\/\/lisbonproperty.com\/pt\/wp-json\/wp\/v2\/types\/page"}],"author":[{"embeddable":true,"href":"https:\/\/lisbonproperty.com\/pt\/wp-json\/wp\/v2\/users\/1"}],"replies":[{"embeddable":true,"href":"https:\/\/lisbonproperty.com\/pt\/wp-json\/wp\/v2\/comments?post=104"}],"version-history":[{"count":0,"href":"https:\/\/lisbonproperty.com\/pt\/wp-json\/wp\/v2\/pages\/104\/revisions"}],"wp:attachment":[{"href":"https:\/\/lisbonproperty.com\/pt\/wp-json\/wp\/v2\/media?parent=104"}],"curies":[{"name":"wp","href":"https:\/\/api.w.org\/{rel}","templated":true}]}}