
{"id":103,"date":"2025-12-30T21:47:58","date_gmt":"2025-12-30T21:47:58","guid":{"rendered":"https:\/\/lisbonproperty.com\/pt\/disclaimer\/"},"modified":"2025-12-30T21:47:58","modified_gmt":"2025-12-30T21:47:58","slug":"disclaimer","status":"publish","type":"page","link":"https:\/\/lisbonproperty.com\/pt\/disclaimer\/","title":{"rendered":"Disclaimer"},"content":{"rendered":"<h2>Disclaimer &#8211; Isen\u00e7\u00e3o de Responsabilidade<\/h2>\n<p>https:\/\/lisbonproperty.com\/pt\/ \u00e9 a vers\u00e3o traduzida para portugu\u00eas de https:\/\/lisbonproperty.com\/.<br \/>\nAs informa\u00e7\u00f5es fornecidas neste site (<a title=\"Im\u00f3veis Portugal\" href=\"https:\/\/lisbonproperty.com\/pt\/\">lisbonproperty.com\/pt\/<\/a>) t\u00eam car\u00e1ter meramente informativo. Embora nos esforcemos para garantir que todo o conte\u00fado seja preciso e atualizado, n\u00e3o fazemos representa\u00e7\u00f5es ou garantias de qualquer tipo, expressas ou impl\u00edcitas, quanto \u00e0 completude, exatid\u00e3o, confiabilidade, adequa\u00e7\u00e3o ou disponibilidade das informa\u00e7\u00f5es, produtos, servi\u00e7os ou gr\u00e1ficos relacionados contidos no site para qualquer prop\u00f3sito. Qualquer confian\u00e7a depositada nessas informa\u00e7\u00f5es \u00e9 estritamente por sua conta e risco.<\/p>\n<h2>Listagens de Im\u00f3veis<\/h2>\n<p>As <a href=\"https:\/\/lisbonproperty.com\/pt\/imoveis-em-portugal\/\">listagens de im\u00f3veis apresentadas neste site<\/a> est\u00e3o sujeitas a disponibilidade e podem ser alteradas sem aviso pr\u00e9vio. Embora nos esforcemos para atualizar os detalhes dos im\u00f3veis diariamente e semanalmente, incluindo pre\u00e7os, descri\u00e7\u00f5es, medidas e status legal, n\u00e3o podemos garantir que todas as informa\u00e7\u00f5es estejam totalmente atualizadas ou livres de erros, devido \u00e0 colabora\u00e7\u00e3o com m\u00faltiplos propriet\u00e1rios. Nossa equipe mant\u00e9m contato regular com os propriet\u00e1rios e faz o poss\u00edvel para assegurar a precis\u00e3o das informa\u00e7\u00f5es fornecidas.<br \/>\nPara informa\u00e7\u00f5es verificadas e atualizadas, recomendamos que entre em contato diretamente com nossa equipe de profissionais experientes do setor imobili\u00e1rio.<\/p>\n<h2>Artigos e Informa\u00e7\u00f5es Gerais<\/h2>\n<p>Os artigos e recursos fornecidos t\u00eam como objetivo oferecer insights sobre a <a href=\"https:\/\/lisbonproperty.com\/pt\/viver-em-portugal\/\">vida em Portugal<\/a>, incluindo suas cidades, cultura e mercado imobili\u00e1rio. Embora busquemos precis\u00e3o, o conte\u00fado n\u00e3o deve ser considerado como aconselhamento profissional (por exemplo, jur\u00eddico, financeiro ou de investimento). Incentivamos os usu\u00e1rios a consultarem profissionais qualificados para obterem orienta\u00e7\u00f5es adequadas \u00e0s suas circunst\u00e2ncias individuais.<\/p>\n<h2>Isen\u00e7\u00e3o de Responsabilidade e Limita\u00e7\u00e3o de Responsabilidade<\/h2>\n<p>N\u00e3o nos responsabilizamos por quaisquer erros, omiss\u00f5es ou pelos resultados obtidos a partir do uso das informa\u00e7\u00f5es fornecidas neste site. Este site pode incluir links para sites externos para conveni\u00eancia e prop\u00f3sitos informativos. No entanto, n\u00e3o endossamos nem assumimos responsabilidade pelo conte\u00fado, exatid\u00e3o ou pr\u00e1ticas desses sites externos.<\/p>\n<p>Se identificar qualquer inexatid\u00e3o em nosso site, incentivamos que nos informe. Agradecemos seu feedback e faremos as corre\u00e7\u00f5es apropriadas.<\/p>\n<p>Ao usar este site, voc\u00ea concorda que n\u00e3o somos respons\u00e1veis por qualquer perda ou dano, incluindo, sem limita\u00e7\u00e3o, perda ou dano indireto ou consequencial, ou qualquer perda ou dano decorrente de perda de dados ou lucros, resultante do uso deste site.<\/p>\n<h2>Contato<\/h2>\n<p>Para mais informa\u00e7\u00f5es, entre em contato conosco atrav\u00e9s da p\u00e1gina: <a href=\"https:\/\/lisbonproperty.com\/about-us\/\">https:\/\/lisbonproperty.com\/about-us\/<\/a>.<\/p>\n<p>Para mais informa\u00e7\u00f5es sobre nossas pol\u00edticas, visite: <a href=\"https:\/\/lisbonproperty.com\/privacy-policy\/\">nossa p\u00e1gina de pol\u00edticas<\/a>.<\/p>\n","protected":false},"excerpt":{"rendered":"<p>Disclaimer &#8211; Isen\u00e7\u00e3o de Responsabilidade https:\/\/lisbonproperty.com\/pt\/ \u00e9 a vers\u00e3o traduzida para portugu\u00eas de https:\/\/lisbonproperty.com\/. As informa\u00e7\u00f5es fornecidas neste site (lisbonproperty.com\/pt\/) t\u00eam car\u00e1ter meramente informativo. Embora nos esforcemos para garantir que todo o conte\u00fado seja preciso e atualizado, n\u00e3o fazemos representa\u00e7\u00f5es ou garantias de qualquer tipo, expressas ou impl\u00edcitas, quanto \u00e0 completude, exatid\u00e3o, confiabilidade, adequa\u00e7\u00e3o ou [&hellip;]<\/p>\n","protected":false},"author":1,"featured_media":0,"parent":0,"menu_order":0,"comment_status":"open","ping_status":"open","template":"","meta":{"footnotes":""},"class_list":["post-103","page","type-page","status-publish","hentry"],"_links":{"self":[{"href":"https:\/\/lisbonproperty.com\/pt\/wp-json\/wp\/v2\/pages\/103","targetHints":{"allow":["GET"]}}],"collection":[{"href":"https:\/\/lisbonproperty.com\/pt\/wp-json\/wp\/v2\/pages"}],"about":[{"href":"https:\/\/lisbonproperty.com\/pt\/wp-json\/wp\/v2\/types\/page"}],"author":[{"embeddable":true,"href":"https:\/\/lisbonproperty.com\/pt\/wp-json\/wp\/v2\/users\/1"}],"replies":[{"embeddable":true,"href":"https:\/\/lisbonproperty.com\/pt\/wp-json\/wp\/v2\/comments?post=103"}],"version-history":[{"count":0,"href":"https:\/\/lisbonproperty.com\/pt\/wp-json\/wp\/v2\/pages\/103\/revisions"}],"wp:attachment":[{"href":"https:\/\/lisbonproperty.com\/pt\/wp-json\/wp\/v2\/media?parent=103"}],"curies":[{"name":"wp","href":"https:\/\/api.w.org\/{rel}","templated":true}]}}