
{"id":36,"date":"2025-12-30T21:47:56","date_gmt":"2025-12-30T21:47:56","guid":{"rendered":"https:\/\/lisbonproperty.com\/fr\/politique-de-confidentialite\/"},"modified":"2025-12-30T21:47:56","modified_gmt":"2025-12-30T21:47:56","slug":"politique-de-confidentialite","status":"publish","type":"page","link":"https:\/\/lisbonproperty.com\/fr\/politique-de-confidentialite\/","title":{"rendered":"Politique de confidentialit\u00e9"},"content":{"rendered":"<h2>Qui sommes-nous<\/h2>\n<p>Nous sommes une agence immobili\u00e8re bas\u00e9e au Portugal, enregistr\u00e9e sous le nom commercial ARE, immobilier (media\u00e7\u00e3o imobili\u00e1ria en portugais), Lda, avec la licence IMPIC 9492 (r\u00e9gul\u00e9e par l&#8217;autorit\u00e9 portugaise de l&#8217;immobilier et de la construction, IMPIC). &#8220;ARE&#8221; signifie &#8220;Algarve Real Estate&#8221;, car notre soci\u00e9t\u00e9 a \u00e9t\u00e9 fond\u00e9e en Algarve avec notre premier site web, algarverealestate.com, lanc\u00e9 en 2012. Au fil du temps, nous avons \u00e9largi nos activit\u00e9s et adopt\u00e9 le nom de soci\u00e9t\u00e9 ARE pour lancer d&#8217;autres sites, y compris lisbonproperty.com\/fr pour les francophones, imoveisportugal.com pour les lusophones, et inmobiliariaportugal.com pour les hispanophones.<\/p>\n<p>Notre \u00e9quipe d&#8217;agents collabore avec les clients pour trouver les meilleures solutions immobili\u00e8res, toujours avec leur accord.<\/p>\n<p>Notre site principal est : <a href=\"https:\/\/lisbonproperty.com\/\">https:\/\/lisbonproperty.com\/<\/a>. Les versions traduites incluent <a title=\"LisbonProperty\" href=\"https:\/\/lisbonproperty.com\/fr\/\">LisbonProperty<\/a>, g\u00e9r\u00e9 par notre \u00e9quipe francophone, imoveisportugal.com pour la communaut\u00e9 portugaise et inmobiliariaportugal.com pour la communaut\u00e9 hispanophone.<\/p>\n<h2>Propri\u00e9t\u00e9s \u00e0 Vendre et Articles sur le Portugal<\/h2>\n<p>Notre activit\u00e9 principale est la prestation de services d&#8217;agence immobili\u00e8re au Portugal. Nous travaillons avec de nombreux collaborateurs pour fournir les meilleures solutions immobili\u00e8res \u00e0 nos clients et visiteurs. Ces propri\u00e9t\u00e9s peuvent \u00eatre consult\u00e9es sur notre <a title=\"Maisons au Portugal\" href=\"https:\/\/lisbonproperty.com\/fr\/maisons-au-portugal\/\">page Propri\u00e9t\u00e9s au Portugal<\/a>.<\/p>\n<p>Nous cr\u00e9ons \u00e9galement du contenu sur les principales villes du Portugal et les lieux notables \u00e0 visiter. En utilisant des photos de collections priv\u00e9es, nous visons \u00e0 mettre en valeur la beaut\u00e9 du Portugal et \u00e0 souligner pourquoi c&#8217;est un endroit merveilleux pour vivre. Notre objectif est de faire en sorte que les visiteurs se sentent les bienvenus sur notre site et au Portugal, en partageant nos connaissances et notre passion \u00e0 travers des articles et des photos disponibles sur notre <a title=\"Vivre au Portugal\" href=\"https:\/\/lisbonproperty.com\/fr\/vivre-au-portugal\/\">page Vivre au Portugal<\/a>.<\/p>\n<p>De plus, nous recueillons des informations aupr\u00e8s de professionnels dans des domaines techniques et incluons des liens vers leurs sources. Cela permet aux lecteurs de v\u00e9rifier les informations et d&#8217;explorer davantage par eux-m\u00eames.<\/p>\n<h2>Commentaires<\/h2>\n<p>Nous n&#8217;autorisons pas les visiteurs \u00e0 laisser des commentaires sur notre site afin de pr\u00e9venir le spam. Par cons\u00e9quent, nous ne collectons aucune donn\u00e9e via les commentaires, y compris les adresses IP ou les informations sur le navigateur.<\/p>\n<h2>M\u00e9dias<\/h2>\n<p>Tous les articles et images sur notre site sont cr\u00e9\u00e9s pour fournir aux visiteurs des informations pr\u00e9cieuses sur les sujets abord\u00e9s.<\/p>\n<h2>Cookies<\/h2>\n<p>Notre site utilise des cookies pour am\u00e9liorer l&#8217;exp\u00e9rience utilisateur. Les cookies essentiels, tels que ceux n\u00e9cessaires au fonctionnement du site, sont d\u00e9finis automatiquement. Les cookies non essentiels, y compris ceux pour l&#8217;analyse, sont uniquement d\u00e9finis avec le consentement de l&#8217;utilisateur.<\/p>\n<p>Si vous visitez notre page de connexion, nous d\u00e9finissons un cookie temporaire pour v\u00e9rifier la compatibilit\u00e9 de votre navigateur avec les cookies. Ce cookie ne contient aucune donn\u00e9e personnelle et est supprim\u00e9 lorsque vous fermez votre navigateur.<\/p>\n<h2>Contenu int\u00e9gr\u00e9 provenant d&#8217;autres sites<\/h2>\n<p>Certaines pages de notre site peuvent inclure du contenu int\u00e9gr\u00e9 (par exemple, vid\u00e9os, images ou articles). Ce contenu int\u00e9gr\u00e9 se comporte comme si le visiteur acc\u00e9dait directement au site externe, qui peut collecter des donn\u00e9es, utiliser des cookies ou suivre les interactions. Veuillez consulter leurs politiques de confidentialit\u00e9 pour plus de d\u00e9tails.<\/p>\n<h2>Avec qui partageons-nous vos donn\u00e9es<\/h2>\n<p>Nous utilisons des logiciels tiers, tels que Google Analytics, pour surveiller le trafic du site. Ces donn\u00e9es sont anonymis\u00e9es autant que possible, et aucune information personnelle identifiable n&#8217;est partag\u00e9e.<\/p>\n<h2>Dur\u00e9e de conservation de vos donn\u00e9es<\/h2>\n<p>Si vous nous contactez via des formulaires, par t\u00e9l\u00e9phone ou via les r\u00e9seaux sociaux, nous collectons votre nom, votre adresse email, votre num\u00e9ro de t\u00e9l\u00e9phone et les d\u00e9tails de votre demande. Si vous souhaitez que vos donn\u00e9es soient supprim\u00e9es, veuillez nous envoyer un email, et nous nous conformerons rapidement. Les utilisateurs enregistr\u00e9s (le cas \u00e9ch\u00e9ant) peuvent g\u00e9rer ou supprimer leurs informations de profil. Les administrateurs peuvent \u00e9galement modifier ou supprimer les informations des utilisateurs.<\/p>\n<h2>Vos droits concernant vos donn\u00e9es<\/h2>\n<p>Vous pouvez demander une copie des donn\u00e9es personnelles que nous d\u00e9tenons \u00e0 votre sujet ou demander leur suppression, sauf pour les donn\u00e9es requises \u00e0 des fins l\u00e9gales ou administratives. Pour toute demande, veuillez nous contacter via notre page : <a href=\"https:\/\/lisbonproperty.com\/fr\/a-propos-de-nous\/\">https:\/\/lisbonproperty.com\/fr\/a-propos-de-nous\/<\/a>.<\/p>\n<h2>O\u00f9 sont envoy\u00e9es vos donn\u00e9es<\/h2>\n<p>Les interactions des visiteurs peuvent \u00eatre v\u00e9rifi\u00e9es par des services de d\u00e9tection de spam automatis\u00e9s.<\/p>\n<h2>Contactez-nous<\/h2>\n<p>Si vous avez des questions sur cette politique de confidentialit\u00e9, veuillez nous contacter via notre page : <a href=\"https:\/\/lisbonproperty.com\/fr\/a-propos-de-nous\/\">https:\/\/lisbonproperty.com\/fr\/a-propos-de-nous\/<\/a>.<\/p>\n<p><a href=\"https:\/\/lisbonproperty.com\/fr\/clause-de-non-responsabilite\/\">Clause de non-responsabilit\u00e9<\/a><\/p>\n","protected":false},"excerpt":{"rendered":"<p>Qui sommes-nous Nous sommes une agence immobili\u00e8re bas\u00e9e au Portugal, enregistr\u00e9e sous le nom commercial ARE, immobilier (media\u00e7\u00e3o imobili\u00e1ria en portugais), Lda, avec la licence IMPIC 9492 (r\u00e9gul\u00e9e par l&#8217;autorit\u00e9 portugaise de l&#8217;immobilier et de la construction, IMPIC). &#8220;ARE&#8221; signifie &#8220;Algarve Real Estate&#8221;, car notre soci\u00e9t\u00e9 a \u00e9t\u00e9 fond\u00e9e en Algarve avec notre premier site [&hellip;]<\/p>\n","protected":false},"author":1,"featured_media":0,"parent":0,"menu_order":0,"comment_status":"open","ping_status":"open","template":"","meta":{"footnotes":""},"class_list":["post-36","page","type-page","status-publish","hentry"],"_links":{"self":[{"href":"https:\/\/lisbonproperty.com\/fr\/wp-json\/wp\/v2\/pages\/36","targetHints":{"allow":["GET"]}}],"collection":[{"href":"https:\/\/lisbonproperty.com\/fr\/wp-json\/wp\/v2\/pages"}],"about":[{"href":"https:\/\/lisbonproperty.com\/fr\/wp-json\/wp\/v2\/types\/page"}],"author":[{"embeddable":true,"href":"https:\/\/lisbonproperty.com\/fr\/wp-json\/wp\/v2\/users\/1"}],"replies":[{"embeddable":true,"href":"https:\/\/lisbonproperty.com\/fr\/wp-json\/wp\/v2\/comments?post=36"}],"version-history":[{"count":0,"href":"https:\/\/lisbonproperty.com\/fr\/wp-json\/wp\/v2\/pages\/36\/revisions"}],"wp:attachment":[{"href":"https:\/\/lisbonproperty.com\/fr\/wp-json\/wp\/v2\/media?parent=36"}],"curies":[{"name":"wp","href":"https:\/\/api.w.org\/{rel}","templated":true}]}}