
{"id":35,"date":"2025-12-30T21:47:56","date_gmt":"2025-12-30T21:47:56","guid":{"rendered":"https:\/\/lisbonproperty.com\/fr\/clause-de-non-responsabilite\/"},"modified":"2025-12-30T21:47:56","modified_gmt":"2025-12-30T21:47:56","slug":"clause-de-non-responsabilite","status":"publish","type":"page","link":"https:\/\/lisbonproperty.com\/fr\/clause-de-non-responsabilite\/","title":{"rendered":"Clause de non-responsabilit\u00e9"},"content":{"rendered":"<h2>Clause de non-responsabilit\u00e9<\/h2>\n<p><a href=\"https:\/\/lisbonproperty.com\/fr\/\">https:\/\/lisbonproperty.com\/fr\/<\/a> est la version traduite en fran\u00e7ais de <a href=\"https:\/\/lisbonproperty.com\/\">https:\/\/lisbonproperty.com\/<\/a>.<br \/>\nLes informations fournies sur ce site (<a title=\"Immobilier Portugal\" href=\"https:\/\/lisbonproperty.com\/fr\/\">Immobilierportugal.com<\/a>) sont uniquement \u00e0 des fins d&#8217;information g\u00e9n\u00e9rale. Bien que nous nous efforcions de garantir que tout le contenu soit exact et \u00e0 jour, nous ne faisons aucune d\u00e9claration ni garantie, explicite ou implicite, quant \u00e0 l&#8217;exhaustivit\u00e9, l&#8217;exactitude, la fiabilit\u00e9, la pertinence ou la disponibilit\u00e9 des informations, produits, services ou graphiques connexes figurant sur le site, quel qu&#8217;en soit le but. Toute confiance que vous accordez \u00e0 ces informations est strictement \u00e0 vos propres risques.<\/p>\n<h2>Annonces immobili\u00e8res<\/h2>\n<p>Les <a href=\"https:\/\/lisbonproperty.com\/fr\/maisons-au-portugal\/\">annonces immobili\u00e8res pr\u00e9sent\u00e9es sur ce site<\/a> sont soumises \u00e0 disponibilit\u00e9 et peuvent \u00eatre modifi\u00e9es sans pr\u00e9avis. Bien que nous nous efforcions de mettre \u00e0 jour les informations sur les propri\u00e9t\u00e9s quotidiennement et hebdomadairement, y compris les prix, descriptions, dimensions et statut l\u00e9gal, nous ne pouvons garantir que toutes les informations soient enti\u00e8rement \u00e0 jour ou exemptes d&#8217;erreurs, en raison de la collaboration avec de nombreux propri\u00e9taires. Notre \u00e9quipe reste en contact r\u00e9gulier avec les propri\u00e9taires et fait tout son possible pour garantir l&#8217;exactitude des informations fournies.<br \/>\nPour des informations v\u00e9rifi\u00e9es et \u00e0 jour, nous vous recommandons de nous contacter directement afin de consulter notre \u00e9quipe de professionnels exp\u00e9riment\u00e9s du secteur immobilier.<\/p>\n<h2>Articles et Informations G\u00e9n\u00e9rales<\/h2>\n<p>Les articles et ressources fournis visent \u00e0 offrir des aper\u00e7us sur la <a href=\"https:\/\/lisbonproperty.com\/fr\/vivre-au-portugal\/\">vie au Portugal<\/a>, notamment sur ses villes, sa culture et son march\u00e9 immobilier. Bien que nous visons l&#8217;exactitude, le contenu ne doit pas \u00eatre consid\u00e9r\u00e9 comme un conseil professionnel (par exemple, juridique, financier ou en mati\u00e8re d&#8217;investissement). Nous encourageons les utilisateurs \u00e0 consulter des professionnels qualifi\u00e9s pour obtenir des conseils adapt\u00e9s \u00e0 leur situation personnelle.<\/p>\n<h2>Avertissement et Limitation de Responsabilit\u00e9<\/h2>\n<p>Nous ne sommes pas responsables des erreurs, omissions ou des r\u00e9sultats obtenus \u00e0 partir de l&#8217;utilisation des informations fournies sur ce site. Ce site peut inclure des liens vers des sites externes pour des raisons de commodit\u00e9 et d&#8217;information. Cependant, nous ne cautionnons ni n&#8217;assumons la responsabilit\u00e9 du contenu, de l&#8217;exactitude ou des pratiques de ces sites externes.<\/p>\n<p>Si vous identifiez des inexactitudes sur notre site, nous vous encourageons \u00e0 nous en informer. Nous appr\u00e9cions vos retours et apporterons les corrections n\u00e9cessaires.<\/p>\n<p>En utilisant ce site, vous acceptez que nous ne soyons pas responsables de toute perte ou dommage, y compris, sans limitation, des pertes ou dommages indirects ou cons\u00e9cutifs, ou toute perte ou dommage r\u00e9sultant de la perte de donn\u00e9es ou de profits d\u00e9coulant de l&#8217;utilisation de ce site.<\/p>\n<h2>Contact<\/h2>\n<p>Pour plus d&#8217;informations, veuillez nous contacter via la page : <a href=\"https:\/\/lisbonproperty.com\/about-us\/\">https:\/\/lisbonproperty.com\/about-us\/<\/a>.<\/p>\n<p>Pour plus d&#8217;informations sur nos politiques, veuillez consulter : <a href=\"https:\/\/lisbonproperty.com\/fr\/politique-de-confidentialite\/\">notre page de politique<\/a>.<\/p>\n","protected":false},"excerpt":{"rendered":"<p>Clause de non-responsabilit\u00e9 https:\/\/lisbonproperty.com\/fr\/ est la version traduite en fran\u00e7ais de https:\/\/lisbonproperty.com\/. Les informations fournies sur ce site (Immobilierportugal.com) sont uniquement \u00e0 des fins d&#8217;information g\u00e9n\u00e9rale. Bien que nous nous efforcions de garantir que tout le contenu soit exact et \u00e0 jour, nous ne faisons aucune d\u00e9claration ni garantie, explicite ou implicite, quant \u00e0 l&#8217;exhaustivit\u00e9, [&hellip;]<\/p>\n","protected":false},"author":1,"featured_media":0,"parent":0,"menu_order":0,"comment_status":"open","ping_status":"open","template":"","meta":{"footnotes":""},"class_list":["post-35","page","type-page","status-publish","hentry"],"_links":{"self":[{"href":"https:\/\/lisbonproperty.com\/fr\/wp-json\/wp\/v2\/pages\/35","targetHints":{"allow":["GET"]}}],"collection":[{"href":"https:\/\/lisbonproperty.com\/fr\/wp-json\/wp\/v2\/pages"}],"about":[{"href":"https:\/\/lisbonproperty.com\/fr\/wp-json\/wp\/v2\/types\/page"}],"author":[{"embeddable":true,"href":"https:\/\/lisbonproperty.com\/fr\/wp-json\/wp\/v2\/users\/1"}],"replies":[{"embeddable":true,"href":"https:\/\/lisbonproperty.com\/fr\/wp-json\/wp\/v2\/comments?post=35"}],"version-history":[{"count":0,"href":"https:\/\/lisbonproperty.com\/fr\/wp-json\/wp\/v2\/pages\/35\/revisions"}],"wp:attachment":[{"href":"https:\/\/lisbonproperty.com\/fr\/wp-json\/wp\/v2\/media?parent=35"}],"curies":[{"name":"wp","href":"https:\/\/api.w.org\/{rel}","templated":true}]}}