
{"id":23,"date":"2026-01-01T12:11:42","date_gmt":"2026-01-01T12:11:42","guid":{"rendered":"https:\/\/lisbonproperty.com\/es\/politica-de-privacidad\/"},"modified":"2026-01-01T12:11:42","modified_gmt":"2026-01-01T12:11:42","slug":"politica-de-privacidad","status":"publish","type":"page","link":"https:\/\/lisbonproperty.com\/es\/politica-de-privacidad\/","title":{"rendered":"Politica de privacidad"},"content":{"rendered":"<h2>Qui\u00e9nes Somos<\/h2>\n<p>Somos una empresa inmobiliaria con sede en Portugal, registrada bajo el nombre comercial ARE, Real Estate (media\u00e7\u00e3o imobili\u00e1ria en portugu\u00e9s), Lda, con licencia IMPIC 9492 (regulada por la autoridad portuguesa de bienes ra\u00edces y construcci\u00f3n, IMPIC). &#8220;ARE&#8221; significa &#8220;Algarve Real Estate&#8221;, ya que nuestra empresa se fund\u00f3 en el Algarve con nuestro primer sitio web, algarverealestate.com, lanzado en 2012. Con el tiempo, expandimos nuestras operaciones y adoptamos el nombre ARE para lanzar sitios adicionales, incluyendo lisbonproperty.com para el mercado de habla inglesa, lisbonproperty.com\/fr\/ para los franc\u00f3fonos, lisbonproperty.com\/pt\/ para los lus\u00f3fonos, y lisbonproperty.com\/es\/ para los pa\u00edses de habla hispana.<\/p>\n<p>Nuestro equipo de agentes colabora con los clientes para encontrar las mejores soluciones inmobiliarias, siempre con su aprobaci\u00f3n.<\/p>\n<p>Nuestro sitio web principal es: <a href=\"https:\/\/lisbonproperty.com\/\">https:\/\/lisbonproperty.com\/<\/a>. Las versiones traducidas incluyen lisbonproperty.com\/fr\/, lisbonproperty.com\/pt\/ e lisbonproperty.com\/es\/.<\/p>\n<h2>Propiedades en Venta y Art\u00edculos sobre Portugal<\/h2>\n<p>Nuestra actividad principal son los servicios de agencia inmobiliaria en Portugal. Trabajamos con muchos colaboradores para ofrecer las mejores soluciones inmobiliarias a nuestros clientes y visitantes. Estas propiedades pueden verse en nuestra <a title=\"Casas en Portugal\" href=\"https:\/\/lisbonproperty.com\/es\/casas-en-portugal\/\">p\u00e1gina de propiedades<\/a>.<\/p>\n<p>Tambi\u00e9n creamos contenido sobre las principales ciudades de Portugal y lugares destacados para visitar. Utilizando fotos de colecciones privadas, buscamos mostrar la belleza de Portugal y destacar por qu\u00e9 es un lugar maravilloso para vivir. Nuestro objetivo es hacer que los visitantes se sientan bienvenidos en nuestro sitio web y en Portugal, compartiendo nuestro conocimiento y pasi\u00f3n a trav\u00e9s de art\u00edculos e im\u00e1genes, disponibles en nuestra <a title=\"Vivir en Portugal\" href=\"https:\/\/lisbonproperty.com\/es\/vivir-en-portugal\/\">p\u00e1gina sobre vivir en Portugal<\/a>.<\/p>\n<p>Adicionalmente, recopilamos informaci\u00f3n de profesionales en campos t\u00e9cnicos e incluimos enlaces a sus fuentes. Esto permite a los lectores verificar la informaci\u00f3n y explorarla m\u00e1s a fondo por su cuenta.<\/p>\n<h2>Comentarios<\/h2>\n<p>No permitimos que los visitantes dejen comentarios en nuestro sitio para prevenir el spam. Por lo tanto, no recopilamos datos a trav\u00e9s de comentarios, incluyendo direcciones IP o informaci\u00f3n del navegador.<\/p>\n<h2>Medios<\/h2>\n<p>Todos los art\u00edculos e im\u00e1genes en nuestro sitio web est\u00e1n creados para proporcionar a los visitantes informaci\u00f3n valiosa sobre las \u00e1reas discutidas.<\/p>\n<h2>Cookies<\/h2>\n<p>Nuestro sitio web utiliza cookies para mejorar la experiencia del usuario. Las cookies esenciales, como las necesarias para la funcionalidad del sitio web, se configuran autom\u00e1ticamente. Las cookies no esenciales, incluidas las de an\u00e1lisis, solo se configuran con el consentimiento del usuario.<\/p>\n<p>Si visita nuestra p\u00e1gina de inicio de sesi\u00f3n, configuraremos una cookie temporal para verificar la compatibilidad de su navegador con las cookies. Esta cookie no contiene datos personales y se elimina cuando cierra el navegador.<\/p>\n<h2>Contenido Integrado de Otros Sitios Web<\/h2>\n<p>Algunos art\u00edculos en nuestro sitio pueden incluir contenido integrado (por ejemplo, videos, im\u00e1genes o art\u00edculos). El contenido integrado se comporta como si el visitante accediera directamente al sitio externo, el cual puede recopilar datos, utilizar cookies o realizar un seguimiento de las interacciones. Por favor, consulte las pol\u00edticas de privacidad de estos sitios para m\u00e1s detalles.<\/p>\n<h2>Con Qui\u00e9n Compartimos Sus Datos<\/h2>\n<p>Utilizamos software de terceros, como Google Analytics, para monitorear el tr\u00e1fico del sitio web. Estos datos se anonimizan siempre que sea posible, y no se comparte informaci\u00f3n personal identificable.<\/p>\n<h2>Cu\u00e1nto Tiempo Conservamos Sus Datos<\/h2>\n<p>Si se pone en contacto con nosotros a trav\u00e9s de formularios, tel\u00e9fono o redes sociales, recopilamos su nombre, correo electr\u00f3nico, n\u00famero de tel\u00e9fono y detalles de su solicitud. Si desea que eliminemos sus datos, env\u00edenos un correo electr\u00f3nico y cumpliremos con su solicitud de inmediato. Los usuarios registrados (si corresponde) pueden gestionar o eliminar su informaci\u00f3n de perfil. Los administradores tambi\u00e9n pueden editar o eliminar la informaci\u00f3n del usuario.<\/p>\n<h2>Sus Derechos sobre Sus Datos<\/h2>\n<p>Puede solicitar una copia de los datos personales que poseemos sobre usted o solicitar su eliminaci\u00f3n, excepto los datos requeridos para fines legales o administrativos. Para solicitudes, cont\u00e1ctenos en <a href=\"https:\/\/lisbonproperty.com\/es\/sobre-nosotros\/\">https:\/\/lisbonproperty.com\/es\/sobre-nosotros\/<\/a>.<\/p>\n<h2>Ad\u00f3nde Se Env\u00edan Sus Datos<\/h2>\n<p>Las interacciones de los visitantes pueden ser verificadas a trav\u00e9s de servicios autom\u00e1ticos de detecci\u00f3n de spam.<\/p>\n<h2>Cont\u00e1ctenos<\/h2>\n<p>Si tiene preguntas sobre esta pol\u00edtica de privacidad, cont\u00e1ctenos en <a href=\"https:\/\/lisbonproperty.com\/es\/sobre-nosotros\/\">https:\/\/lisbonproperty.com\/es\/sobre-nosotros\/<\/a>.<\/p>\n<p>Para m\u00e1s informaci\u00f3n sobre nuestras pol\u00edticas, visite nuestra p\u00e1gina de <a href=\"https:\/\/lisbonproperty.com\/es\/aviso-legal\/\">aviso legal<\/a>.<\/p>\n","protected":false},"excerpt":{"rendered":"<p>Qui\u00e9nes Somos Somos una empresa inmobiliaria con sede en Portugal, registrada bajo el nombre comercial ARE, Real Estate (media\u00e7\u00e3o imobili\u00e1ria en portugu\u00e9s), Lda, con licencia IMPIC 9492 (regulada por la autoridad portuguesa de bienes ra\u00edces y construcci\u00f3n, IMPIC). &#8220;ARE&#8221; significa &#8220;Algarve Real Estate&#8221;, ya que nuestra empresa se fund\u00f3 en el Algarve con nuestro primer [&hellip;]<\/p>\n","protected":false},"author":1,"featured_media":0,"parent":0,"menu_order":0,"comment_status":"open","ping_status":"open","template":"","meta":{"footnotes":""},"class_list":["post-23","page","type-page","status-publish","hentry"],"_links":{"self":[{"href":"https:\/\/lisbonproperty.com\/es\/wp-json\/wp\/v2\/pages\/23","targetHints":{"allow":["GET"]}}],"collection":[{"href":"https:\/\/lisbonproperty.com\/es\/wp-json\/wp\/v2\/pages"}],"about":[{"href":"https:\/\/lisbonproperty.com\/es\/wp-json\/wp\/v2\/types\/page"}],"author":[{"embeddable":true,"href":"https:\/\/lisbonproperty.com\/es\/wp-json\/wp\/v2\/users\/1"}],"replies":[{"embeddable":true,"href":"https:\/\/lisbonproperty.com\/es\/wp-json\/wp\/v2\/comments?post=23"}],"version-history":[{"count":0,"href":"https:\/\/lisbonproperty.com\/es\/wp-json\/wp\/v2\/pages\/23\/revisions"}],"wp:attachment":[{"href":"https:\/\/lisbonproperty.com\/es\/wp-json\/wp\/v2\/media?parent=23"}],"curies":[{"name":"wp","href":"https:\/\/api.w.org\/{rel}","templated":true}]}}