
{"id":22,"date":"2026-01-01T12:11:42","date_gmt":"2026-01-01T12:11:42","guid":{"rendered":"https:\/\/lisbonproperty.com\/es\/aviso-legal\/"},"modified":"2026-01-01T12:11:42","modified_gmt":"2026-01-01T12:11:42","slug":"aviso-legal","status":"publish","type":"page","link":"https:\/\/lisbonproperty.com\/es\/aviso-legal\/","title":{"rendered":"Aviso Legal"},"content":{"rendered":"<p><a href=\"https:\/\/lisbonproperty.com\/es\/\">https:\/\/lisbonproperty.com\/es\/<\/a> es la versi\u00f3n traducida al espa\u00f1ol de https:\/\/lisbonproperty.com\/.<br \/>\nLa informaci\u00f3n proporcionada en este sitio web (<a title=\"Inmobiliaria Lisboa\" href=\"https:\/\/lisbonproperty.com\/es\/\">lisbonproperty.com\/es<\/a>) tiene fines meramente informativos. Aunque nos esforzamos por garantizar que todo el contenido sea preciso y est\u00e9 actualizado, no hacemos declaraciones ni ofrecemos garant\u00edas, expresas o impl\u00edcitas, sobre la exhaustividad, exactitud, fiabilidad, idoneidad o disponibilidad de la informaci\u00f3n, productos, servicios o gr\u00e1ficos relacionados contenidos en el sitio web, para ning\u00fan prop\u00f3sito. Cualquier confianza que deposite en dicha informaci\u00f3n es estrictamente bajo su propio riesgo.<\/p>\n<h2>Listados de Propiedades<\/h2>\n<p>Los <a href=\"https:\/\/lisbonproperty.com\/es\/casas-en-portugal\/\">listados de propiedades presentados en este sitio web<\/a> est\u00e1n sujetos a disponibilidad y pueden cambiar sin previo aviso. Aunque nos esforzamos por actualizar los detalles de las propiedades diariamente y semanalmente, incluidos los precios, descripciones, medidas y estado legal, no podemos garantizar que toda la informaci\u00f3n sea completamente actualizada o est\u00e9 libre de errores, debido a la colaboraci\u00f3n con m\u00faltiples propietarios. Nuestro equipo mantiene un contacto regular con los propietarios y hace todo lo posible para garantizar la precisi\u00f3n de la informaci\u00f3n proporcionada.<br \/>\nPara obtener detalles verificados y actualizados, le recomendamos que se comunique directamente con nuestro equipo de profesionales experimentados en el sector inmobiliario.<\/p>\n<h2>Art\u00edculos e Informaci\u00f3n General<\/h2>\n<p>Los art\u00edculos y recursos proporcionados est\u00e1n destinados a ofrecer informaci\u00f3n sobre la <a href=\"https:\/\/lisbonproperty.com\/es\/vivir-en-portugal\/\">vida en Portugal<\/a>, incluidas sus ciudades, cultura y mercado inmobiliario. Aunque nos esforzamos por ofrecer contenido preciso, este no debe considerarse como asesoramiento profesional (por ejemplo, legal, financiero o de inversi\u00f3n). Recomendamos a los usuarios consultar con profesionales cualificados para obtener asesoramiento adaptado a sus circunstancias individuales.<\/p>\n<h2>Aviso Legal y Limitaci\u00f3n de Responsabilidad<\/h2>\n<p>No somos responsables de los errores, omisiones o los resultados obtenidos del uso de la informaci\u00f3n proporcionada en este sitio web. Este sitio web puede incluir enlaces a sitios web externos por conveniencia y fines informativos. Sin embargo, no respaldamos ni asumimos responsabilidad por el contenido, la exactitud o las pr\u00e1cticas de estos sitios externos.<\/p>\n<p>Si identifica alguna inexactitud en nuestro sitio web, le animamos a informarnos. Agradecemos sus comentarios y realizaremos las correcciones necesarias.<\/p>\n<p>Al utilizar este sitio web, usted acepta que no somos responsables de ninguna p\u00e9rdida o da\u00f1o, incluidos, entre otros, p\u00e9rdidas o da\u00f1os indirectos o consecuentes, o cualquier p\u00e9rdida o da\u00f1o que resulte de la p\u00e9rdida de datos o beneficios derivados del uso de este sitio web.<\/p>\n<h2>Contacto<\/h2>\n<p>Para m\u00e1s informaci\u00f3n, por favor cont\u00e1ctenos a trav\u00e9s de la p\u00e1gina: <a href=\"https:\/\/lisbonproperty.com\/es\/sobre-nosotros\/\">https:\/\/lisbonproperty.com\/es\/sobre-nosotros\/<\/a>.<\/p>\n<p>Para m\u00e1s informaci\u00f3n sobre nuestras pol\u00edticas, visite: <a href=\"https:\/\/lisbonproperty.com\/es\/politica-de-privacidad\/\">nuestra p\u00e1gina de pol\u00edticas<\/a>.<\/p>\n","protected":false},"excerpt":{"rendered":"<p>https:\/\/lisbonproperty.com\/es\/ es la versi\u00f3n traducida al espa\u00f1ol de https:\/\/lisbonproperty.com\/. La informaci\u00f3n proporcionada en este sitio web (lisbonproperty.com\/es) tiene fines meramente informativos. Aunque nos esforzamos por garantizar que todo el contenido sea preciso y est\u00e9 actualizado, no hacemos declaraciones ni ofrecemos garant\u00edas, expresas o impl\u00edcitas, sobre la exhaustividad, exactitud, fiabilidad, idoneidad o disponibilidad de la informaci\u00f3n, [&hellip;]<\/p>\n","protected":false},"author":1,"featured_media":0,"parent":0,"menu_order":0,"comment_status":"open","ping_status":"open","template":"","meta":{"footnotes":""},"class_list":["post-22","page","type-page","status-publish","hentry"],"_links":{"self":[{"href":"https:\/\/lisbonproperty.com\/es\/wp-json\/wp\/v2\/pages\/22","targetHints":{"allow":["GET"]}}],"collection":[{"href":"https:\/\/lisbonproperty.com\/es\/wp-json\/wp\/v2\/pages"}],"about":[{"href":"https:\/\/lisbonproperty.com\/es\/wp-json\/wp\/v2\/types\/page"}],"author":[{"embeddable":true,"href":"https:\/\/lisbonproperty.com\/es\/wp-json\/wp\/v2\/users\/1"}],"replies":[{"embeddable":true,"href":"https:\/\/lisbonproperty.com\/es\/wp-json\/wp\/v2\/comments?post=22"}],"version-history":[{"count":0,"href":"https:\/\/lisbonproperty.com\/es\/wp-json\/wp\/v2\/pages\/22\/revisions"}],"wp:attachment":[{"href":"https:\/\/lisbonproperty.com\/es\/wp-json\/wp\/v2\/media?parent=22"}],"curies":[{"name":"wp","href":"https:\/\/api.w.org\/{rel}","templated":true}]}}